{"id":3,"date":"2019-08-30T08:57:41","date_gmt":"2019-08-30T06:57:41","guid":{"rendered":"http:\/\/cocinasandresehijos.com\/?page_id=3"},"modified":"2020-08-05T13:59:26","modified_gmt":"2020-08-05T11:59:26","slug":"politica-privacidad","status":"publish","type":"page","link":"https:\/\/ibagar.net\/index.php\/politica-privacidad\/","title":{"rendered":"Pol\u00edtica de privacidad"},"content":{"rendered":"\n<p><strong>\u00bfC\u00f3mo tratamos tus datos personales en nuestra web?<\/strong><\/p>\n\n\n\n<figure class=\"wp-block-table\"><table><tbody><tr><td>Responsable:<\/td><td><strong>Ib\u00e1\u00f1ez y Garc\u00eda, S.L<\/strong><\/td><\/tr><tr><td>Finalidad:<\/td><td>Informar sobre la diversidad de &nbsp;productos y servicios &nbsp;disponibles en la web y las formas de adquisici\u00f3n de las mismos.<\/td><\/tr><tr><td>Legitimaci\u00f3n para tratar sus datos:<\/td><td>Con la marcaci\u00f3n de la casilla correspondiente nos estar\u00e1 dando su consentimiento. En relaci\u00f3n a la contrataci\u00f3n de productos, servicios, solicitud de presupuestos, la legitimaci\u00f3n estar\u00e1 basada en el contrato o precontrato. &nbsp;<\/td><\/tr><tr><td>Destinatarios<\/td><td>No se van a comunicar a terceros, salvo obligaci\u00f3n legal.<\/td><\/tr><tr><td>Derechos<\/td><td>Derecho a retirar el consentimiento en cualquier momento. Derecho a oponerse y a la portabilidad de los datos personales. Derecho a la limitaci\u00f3n del tratamiento. Tiene derecho a acceder, rectificar y suprimir los datos, as\u00ed como otros derechos, como se explica en la informaci\u00f3n adicional.<\/td><\/tr><tr><td><\/td><td> \u00a0<\/td><\/tr><\/tbody><\/table><\/figure>\n\n\n\n<p>En<strong> Ib\u00e1\u00f1ez y Garc\u00eda, S.L<\/strong> estamos comprometidos con la protecci\u00f3n de tu privacidad. Queremos ser transparentes sobre los datos que recopilamos, c\u00f3mo los utilizamos y los derechos que tienes para controlar tus datos.<\/p>\n\n\n\n<p><strong>1. Informaci\u00f3n al usuario<\/strong><\/p>\n\n\n\n<p><strong>Ib\u00e1\u00f1ez y Garc\u00eda, S.L<\/strong> es el responsable del tratamiento de los datos personales del Usuario y le informa que estos datos ser\u00e1n tratados de conformidad con lo dispuesto en el Reglamento (UE) 2016\/679 de 27 de abril de 2016 (RGPD) relativo a la protecci\u00f3n de las personas f\u00edsicas y en la Ley Org\u00e1nica 3\/2018, de 5 de diciembre (LOPDGDD), en lo que respecta al tratamiento de datos personales y a la libre circulaci\u00f3n de estos datos, por lo que se le facilita la siguiente informaci\u00f3n del tratamiento:<\/p>\n\n\n\n<p><strong>\u00bfCon qu\u00e9 finalidad tratamos sus datos personales?<\/strong><\/p>\n\n\n\n<p>En <strong>Ib\u00e1\u00f1ez y Garc\u00eda, S.L<\/strong> tratamos los datos de las personas interesadas para la gesti\u00f3n y desarrollo de las comunicaciones (contacto de usuarios, resoluci\u00f3n de consultas, promoci\u00f3n comercial, gesti\u00f3n de perfiles de la empresa en redes sociales, as\u00ed como para atender los servicios solicitados y desarrollar nuestra actividad.<\/p>\n\n\n\n<p>As\u00ed mismo, gestionaremos la subscripci\u00f3n a las noticias en relaci\u00f3n a los productos descritos en nuestro portal. En caso de no querer recibir m\u00e1s publicidad, m\u00e1ndenos un email a: \u00ad\u00ad\u00ad\u00ad\u00ad\u00ad\u00ad\u00ad\u00ad\u00ad\u00ad\u00ad\u00ad &nbsp;<a href=\"mailto:info@ibagar.net\">info@ibagar.net<\/a> indic\u00e1ndonos en el asunto \u201cNo Publi\u201d.<\/p>\n\n\n\n<p>Respecto a la publicaci\u00f3n de datos personales en blogs y redes sociales que puede compartir esta web, se podr\u00e1n tratar los datos personales con la idea de contestar comentarios y mejorar nuestros servicios. La pol\u00edtica de privacidad es la marcada por las entidades responsables de esos sitios. No nos hacemos responsables de la informaci\u00f3n personal que cada usuario pueda publicar<\/p>\n\n\n\n<p>Gestionaremos la contrataci\u00f3n de nuestros productos en la venta a distancia y gestionaremos env\u00edos y devoluciones.<\/p>\n\n\n\n<p>Gestionaremos la tramitaci\u00f3n del registro del usuario para que sea utilizado en la adquisici\u00f3n de productos ofertados.<\/p>\n\n\n\n<p><strong>\u00bfQu\u00e9 tipo de datos tratamos?<\/strong><\/p>\n\n\n\n<p>Adem\u00e1s de los diferentes medios de obtenci\u00f3n citados, as\u00ed como las diferentes finalidades de tratamiento expuestas, le informamos que los tipos de datos que podemos tratar en nuestro sistema de informaci\u00f3n son:<\/p>\n\n\n\n<ul><li>Datos identificativos.<\/li><li>Direcciones electr\u00f3nicas.<\/li><\/ul>\n\n\n\n<p><strong>\u00bfPor cu\u00e1nto tiempo conservaremos sus datos?<\/strong><\/p>\n\n\n\n<p>Los datos personales se conservar\u00e1n mientras se mantenga relaci\u00f3n con usted, bien como cliente, o bien como otro tipo de interesado; mientras no se solicite la supresi\u00f3n de estos; o mientras exista alguna previsi\u00f3n o exigencia legal de conservaci\u00f3n de estos.<\/p>\n\n\n\n<p>Cuando los datos dejen de ser necesarios para las finalidades por las que fueron recabados ser\u00e1n suprimidos asegurando la confidencialidad de estos.<\/p>\n\n\n\n<p>En el caso de datos facilitados con motivo de b\u00fasqueda de empleo, si estos no resultasen de inter\u00e9s para la empresa, ser\u00e1n eliminados inmediatamente asegurando su confidencialidad.<\/p>\n\n\n\n<p><strong>\u00bfCu\u00e1l es la legitimaci\u00f3n para el tratamiento de sus datos?<\/strong><\/p>\n\n\n\n<p>Para el tratamiento de su informaci\u00f3n personal nos basamos en la legitimaci\u00f3n por varios motivos:<\/p>\n\n\n\n<p>La base legal para el tratamiento de sus datos personales es la relaci\u00f3n mantenida con usted en base al cumplimiento de un contrato y\/ o relaci\u00f3n comercial, as\u00ed como el consentimiento expreso que, en su caso, nos haya facilitado para los tratamientos adicionales como son el<\/p>\n\n\n\n<p>formulario de contacto del sitio web, participaci\u00f3n en los perfiles de redes sociales de la empresa, y cualquier otro tratamiento que implique necesariamente la recogida de sus datos personales, para lo cual ser\u00e1 requisito imprescindible una clara acci\u00f3n afirmativa por parte del interesado.<\/p>\n\n\n\n<p>Le informamos que los datos personales que se solicitan en el momento de registrarse en la presente p\u00e1gina web son los estrictamente necesarios para formalizar y gestionar la relaci\u00f3n con usted, de manera que, en caso de no facilitarlos, no podremos mantener dicha relaci\u00f3n. En cualquier caso, dicha finalidad principal no est\u00e1 supeditada al consentimiento para el tratamiento de los datos que no sean necesarios para dicha actividad principal.<\/p>\n\n\n\n<p><strong>\u00bfA qu\u00e9 destinatarios se comunicar\u00e1n sus datos?<\/strong><\/p>\n\n\n\n<p>En algunos casos, es necesario que accedan a la informaci\u00f3n que nos ha proporcionado terceras partes para poder prestarle el servicio solicitado, por ejemplo, servicios de log\u00edstica, y entrega, empresas que nos prestan otro tipo de servicios como son: tecnolog\u00eda de la informaci\u00f3n (almacenamiento y procesamiento de la informaci\u00f3n, etc.)<\/p>\n\n\n\n<p>Estas terceras partes solo tienen acceso a la informaci\u00f3n personal que necesitan para llevar a cabo dichos servicios. Se les exige que mantengan en confidencialidad su informaci\u00f3n personal y no pueden utilizarla de ninguna otra forma que aquella que les hemos solicitado.<\/p>\n\n\n\n<p>Los datos de los interesados no ser\u00e1n comunicados a ning\u00fan tercero, salvo obligaci\u00f3n legal al respecto.<\/p>\n\n\n\n<p><strong>\u00bfCu\u00e1les son sus derechos cuando nos facilita y\/o tratamos sus datos?<\/strong><\/p>\n\n\n\n<p>Como interesado, usted podr\u00e1 en cualquier momento solicitarnos el ejercicio de cualquiera de los siguientes derechos que le asisten en materia de protecci\u00f3n de datos:<\/p>\n\n\n\n<ul><li><strong>Acceder a sus datos<\/strong>: Tiene derecho a acceder a sus datos para conocer qu\u00e9 datos personales estamos tratando que le conciernen.<\/li><li><strong>Solicitar la rectificaci\u00f3n o supresi\u00f3n de sus datos<\/strong>: En determinadas circunstancias, tiene derecho a rectificar aquellos datos personales que considere inexactos y que le conciernan, y que sean objeto de tratamiento por parte de las entidades, as\u00ed como derecho a solicitar la supresi\u00f3n de sus datos cuando, entre otros motivos, los datos ya no fueran necesarios para los fines que fueron recogidos.<\/li><li><strong>Solicitar la limitaci\u00f3n del tratamiento de sus datos<\/strong>: En determinadas circunstancias, tendr\u00e1 derecho a solicitarnos la limitaci\u00f3n del tratamiento de sus datos, en cuyo caso le informamos que \u00fanicamente conservaremos los datos sobre los que haya solicitado limitaci\u00f3n en el tratamiento para el ejercicio o defensa de reclamaciones.<\/li><li><strong>A la portabilidad de sus datos<\/strong>: En determinadas circunstancias, tendr\u00e1 derecho a recibir los datos personales que le incumban, y que nos haya facilitado, en un formato estructurado de uso com\u00fan y lectura mec\u00e1nica, as\u00ed como a que sean transmitidos por parte de nuestra empresa a otro responsable del tratamiento.<\/li><li><strong>Oponerse al tratamiento de sus datos<\/strong>: En determinadas circunstancias y por motivos relacionados con su situaci\u00f3n particular, tendr\u00e1 derecho a oponerse al tratamiento de sus datos en cuyo caso, dejar\u00edamos de tratarlos salvo que debamos continuar haci\u00e9ndolo por motivos leg\u00edtimos imperiosos o para el ejercicio o la defensa de posibles reclamaciones.<\/li><li>Derecho a presentar una reclamaci\u00f3n ante la Autoridad de control si no ha obtenido satisfacci\u00f3n en el ejercicio de sus derechos, en este caso, ante la Agencia Espa\u00f1ola de protecci\u00f3n de datos&nbsp; <a href=\"http:\/\/www.aepd.es\">http:\/\/www.aepd.es<\/a><\/li><\/ul>\n\n\n\n<p>Le informamos que podr\u00e1 ejercitar sus derechos sobre sus datos personales a trav\u00e9s de cualquiera de las siguientes v\u00edas:<\/p>\n\n\n\n<ul><li>Direcci\u00f3n postal: PoI. San Cayetano. C\/ Espa\u00f1a N\u00ba 10<\/li><\/ul>\n\n\n\n<p>Churriana de la Vega, Granada.<\/p>\n\n\n\n<ul><li>Direcci\u00f3n electr\u00f3nica: <a href=\"mailto:info@ibagar.net\">info@ibagar.net<\/a><\/li><\/ul>\n\n\n\n<p><strong>Env\u00edo de comunicaciones o informaci\u00f3n<\/strong><\/p>\n\n\n\n<p>Nuestra pol\u00edtica con respecto al env\u00edo informaci\u00f3n a trav\u00e9s de medios telem\u00e1ticos (correo electr\u00f3nico, mensajer\u00eda instant\u00e1nea, etc.), se limita a enviar \u00fanicamente comunicaciones que consideremos de inter\u00e9s para nuestros usuarios e interesados, en relaci\u00f3n con las funciones y actividad de la empresa, o que usted haya consentido recibir.<\/p>\n\n\n\n<p>Si prefiere no recibir estos mensajes, le ofreceremos a trav\u00e9s de estos la posibilidad de ejercer su derecho de cancelaci\u00f3n y renuncia a la recepci\u00f3n de estos mensajes, en conformidad con lo dispuesto en el T\u00edtulo III, art\u00edculo 22 de la Ley 34\/2002 de Servicios para la Sociedad de la Informaci\u00f3n y de Comercio Electr\u00f3nico.<\/p>\n\n\n\n<p><strong>2. CAR\u00c1CTER OBLIGATORIO O FACULTATIVO DE LA INFORMACI\u00d3N FACILITADA POR EL USUARIO<\/strong><\/p>\n\n\n\n<p>Los Usuarios, mediante la marcaci\u00f3n de las casillas correspondientes y entrada de datos en los campos, del formulario de contacto o presentados en formularios de descarga, aceptan expresamente y de forma libre e inequ\u00edvoca, que sus datos son necesarios para atender su petici\u00f3n, por parte del prestador, siendo voluntaria la inclusi\u00f3n de datos en los campos restantes.<\/p>\n\n\n\n<p>El usuario garantiza que los datos que aporte son verdaderos, exactos, completos y se encuentran actualizados, siendo responsable de cualquier da\u00f1o o perjuicio, directo o indirecto, que pudiera ocasionarse como consecuencia del incumplimiento de tal obligaci\u00f3n.<\/p>\n\n\n\n<p>En caso de que el usuario aporte datos pertenecientes a un tercero, garantiza que ha informado a dicho tercero de la totalidad de aspectos contenidos en la presente Pol\u00edtica de Privacidad y obtenido su consentimiento para facilitarnos sus datos para la finalidad de tratamiento de que se trate. Todo ello, con car\u00e1cter previo al suministro de datos de un tercero.<\/p>\n\n\n\n<p>En caso de que no sean facilitados todos los datos, no se garantiza que la informaci\u00f3n y servicios facilitados sean completamente ajustados a sus necesidades.<\/p>\n","protected":false},"excerpt":{"rendered":"<p>\u00bfC\u00f3mo tratamos tus datos personales en nuestra web? Responsable: Ib\u00e1\u00f1ez y Garc\u00eda, S.L Finalidad: Informar sobre la diversidad de &nbsp;productos y servicios &nbsp;disponibles en la web y las formas de adquisici\u00f3n de las mismos. Legitimaci\u00f3n para tratar sus datos: Con la marcaci\u00f3n de la casilla correspondiente nos estar\u00e1 dando su consentimiento. En relaci\u00f3n a la [&hellip;]<\/p>\n","protected":false},"author":2,"featured_media":0,"parent":0,"menu_order":0,"comment_status":"closed","ping_status":"open","template":"","meta":[],"yoast_head":"<!-- This site is optimized with the Yoast SEO plugin v15.3 - https:\/\/yoast.com\/wordpress\/plugins\/seo\/ -->\n<title>Pol\u00edtica de privacidad - Ibagar, Catering y Eventos<\/title>\n<meta name=\"robots\" content=\"index, follow, max-snippet:-1, max-image-preview:large, max-video-preview:-1\" \/>\n<link rel=\"canonical\" href=\"https:\/\/ibagar.net\/index.php\/politica-privacidad\/\" \/>\n<meta property=\"og:locale\" content=\"es_ES\" \/>\n<meta property=\"og:type\" content=\"article\" \/>\n<meta property=\"og:title\" content=\"Pol\u00edtica de privacidad - Ibagar, Catering y Eventos\" \/>\n<meta property=\"og:description\" content=\"\u00bfC\u00f3mo tratamos tus datos personales en nuestra web? Responsable: Ib\u00e1\u00f1ez y Garc\u00eda, S.L Finalidad: Informar sobre la diversidad de &nbsp;productos y servicios &nbsp;disponibles en la web y las formas de adquisici\u00f3n de las mismos. Legitimaci\u00f3n para tratar sus datos: Con la marcaci\u00f3n de la casilla correspondiente nos estar\u00e1 dando su consentimiento. En relaci\u00f3n a la [&hellip;]\" \/>\n<meta property=\"og:url\" content=\"https:\/\/ibagar.net\/index.php\/politica-privacidad\/\" \/>\n<meta property=\"og:site_name\" content=\"Ibagar, Catering y Eventos\" \/>\n<meta property=\"article:modified_time\" content=\"2020-08-05T11:59:26+00:00\" \/>\n<meta name=\"twitter:card\" content=\"summary_large_image\" \/>\n<meta name=\"twitter:label1\" content=\"Escrito por\">\n\t<meta name=\"twitter:data1\" content=\"V\u00edctor Molina\">\n\t<meta name=\"twitter:label2\" content=\"Tiempo de lectura\">\n\t<meta name=\"twitter:data2\" content=\"7 minutos\">\n<script type=\"application\/ld+json\" class=\"yoast-schema-graph\">{\"@context\":\"https:\/\/schema.org\",\"@graph\":[{\"@type\":\"WebSite\",\"@id\":\"https:\/\/ibagar.net\/#website\",\"url\":\"https:\/\/ibagar.net\/\",\"name\":\"Ibagar, Catering y Eventos\",\"description\":\"Restauraci\\u00f3n de alto nivel, sin\\u00f3nimo de tradici\\u00f3n, innovaci\\u00f3n, arte y prestigio. Estamos tan seguros porque llevamos 35 a\\u00f1os creando d\\u00edas y recuerdos especiales\",\"potentialAction\":[{\"@type\":\"SearchAction\",\"target\":\"https:\/\/ibagar.net\/?s={search_term_string}\",\"query-input\":\"required name=search_term_string\"}],\"inLanguage\":\"es\"},{\"@type\":\"WebPage\",\"@id\":\"https:\/\/ibagar.net\/index.php\/politica-privacidad\/#webpage\",\"url\":\"https:\/\/ibagar.net\/index.php\/politica-privacidad\/\",\"name\":\"Pol\\u00edtica de privacidad - Ibagar, Catering y Eventos\",\"isPartOf\":{\"@id\":\"https:\/\/ibagar.net\/#website\"},\"datePublished\":\"2019-08-30T06:57:41+00:00\",\"dateModified\":\"2020-08-05T11:59:26+00:00\",\"inLanguage\":\"es\",\"potentialAction\":[{\"@type\":\"ReadAction\",\"target\":[\"https:\/\/ibagar.net\/index.php\/politica-privacidad\/\"]}]}]}<\/script>\n<!-- \/ Yoast SEO plugin. -->","_links":{"self":[{"href":"https:\/\/ibagar.net\/index.php\/wp-json\/wp\/v2\/pages\/3"}],"collection":[{"href":"https:\/\/ibagar.net\/index.php\/wp-json\/wp\/v2\/pages"}],"about":[{"href":"https:\/\/ibagar.net\/index.php\/wp-json\/wp\/v2\/types\/page"}],"author":[{"embeddable":true,"href":"https:\/\/ibagar.net\/index.php\/wp-json\/wp\/v2\/users\/2"}],"replies":[{"embeddable":true,"href":"https:\/\/ibagar.net\/index.php\/wp-json\/wp\/v2\/comments?post=3"}],"version-history":[{"count":2,"href":"https:\/\/ibagar.net\/index.php\/wp-json\/wp\/v2\/pages\/3\/revisions"}],"predecessor-version":[{"id":8779,"href":"https:\/\/ibagar.net\/index.php\/wp-json\/wp\/v2\/pages\/3\/revisions\/8779"}],"wp:attachment":[{"href":"https:\/\/ibagar.net\/index.php\/wp-json\/wp\/v2\/media?parent=3"}],"curies":[{"name":"wp","href":"https:\/\/api.w.org\/{rel}","templated":true}]}}