{"id":7060,"date":"2019-09-26T09:59:29","date_gmt":"2019-09-26T07:59:29","guid":{"rendered":"http:\/\/www.cocinasandresehijos.com\/iba\/?page_id=7060"},"modified":"2021-01-27T12:10:49","modified_gmt":"2021-01-27T11:10:49","slug":"food-service-servicio-a-domicilio","status":"publish","type":"page","link":"https:\/\/ibagar.net\/index.php\/food-service-servicio-a-domicilio\/","title":{"rendered":"Comida a domicilio"},"content":{"rendered":"\t\t<div data-elementor-type=\"wp-page\" data-elementor-id=\"7060\" class=\"elementor elementor-7060\" data-elementor-settings=\"[]\">\n\t\t\t\t\t\t<div class=\"elementor-inner\">\n\t\t\t\t\t\t\t<div class=\"elementor-section-wrap\">\n\t\t\t\t\t\t\t<section class=\"elementor-section elementor-top-section elementor-element elementor-element-483a8e69 elementor-section-content-middle rt-el-parallax-background elementor-section-boxed elementor-section-height-default elementor-section-height-default default-style\" data-id=\"483a8e69\" data-element_type=\"section\" data-settings=\"{&quot;background_background&quot;:&quot;classic&quot;,&quot;rt_parallax&quot;:&quot;rt-el-parallax-background&quot;,&quot;rt_color_sets&quot;:&quot;default-style&quot;,&quot;rt_bg_parallax_effect&quot;:&quot;3&quot;,&quot;rt_bg_parallax_speed&quot;:&quot;1&quot;}\">\n\t\t\t\t\t\t<div class=\"elementor-container elementor-column-gap-default\">\n\t\t\t\t\t\t\t<div class=\"elementor-row\">\n\t\t\t\t\t<div class=\"elementor-column elementor-col-100 elementor-top-column elementor-element elementor-element-2c5e864c\" data-id=\"2c5e864c\" data-element_type=\"column\">\n\t\t\t<div class=\"elementor-column-wrap elementor-element-populated\">\n\t\t\t\t\t\t\t<div class=\"elementor-widget-wrap\">\n\t\t\t\t\t\t<div class=\"elementor-element elementor-element-40f55f8 elementor-widget elementor-widget-rt-heading\" data-id=\"40f55f8\" data-element_type=\"widget\" data-widget_type=\"rt-heading.default\">\n\t\t\t\t<div class=\"elementor-widget-container\">\n\t\t\t<div class=\"rt-heading-wrapper text-center\">\n\t\t\t\t\t\t<h4 class=\"   rt-heading\" >Ibagar, Comida casera saludable a domicilio<\/h4>\n\t\t\t\t\t<\/div>\t\t<\/div>\n\t\t\t\t<\/div>\n\t\t\t\t<div class=\"elementor-element elementor-element-4d21d169 elementor-widget elementor-widget-text-editor\" data-id=\"4d21d169\" data-element_type=\"widget\" data-widget_type=\"text-editor.default\">\n\t\t\t\t<div class=\"elementor-widget-container\">\n\t\t\t\t\t<div class=\"elementor-text-editor elementor-clearfix\"><p style=\"text-align: center;\">Ahora disfruta de nuestro<strong>\u00a0men\u00fa saludable para toda la familia<\/strong> en casa. As\u00ed de f\u00e1cil y as\u00ed de natural, avalados por el Instituto de Nutrici\u00f3n y Tecnolog\u00eda de los Alimentos y con la confianza de Ibagar.<\/p><p>Y para los momentos\u00a0 m\u00e1s especiales disfruta de la sugerencias de <strong>nuestro Chef.<\/strong><\/p><\/div>\n\t\t\t\t<\/div>\n\t\t\t\t<\/div>\n\t\t\t\t\t\t<\/div>\n\t\t\t\t\t<\/div>\n\t\t<\/div>\n\t\t\t\t\t\t\t\t<\/div>\n\t\t\t\t\t<\/div>\n\t\t<\/section>\n\t\t\t\t<section class=\"elementor-section elementor-top-section elementor-element elementor-element-3c5a70a2 elementor-section-content-middle rt-el-parallax-background elementor-section-boxed elementor-section-height-default elementor-section-height-default default-style\" data-id=\"3c5a70a2\" data-element_type=\"section\" data-settings=\"{&quot;background_background&quot;:&quot;classic&quot;,&quot;rt_parallax&quot;:&quot;rt-el-parallax-background&quot;,&quot;rt_bg_parallax_effect&quot;:&quot;4&quot;,&quot;rt_color_sets&quot;:&quot;default-style&quot;,&quot;rt_bg_parallax_speed&quot;:&quot;1&quot;}\">\n\t\t\t\t\t\t\t<div class=\"elementor-background-overlay\"><\/div>\n\t\t\t\t\t\t\t<div class=\"elementor-container elementor-column-gap-default\">\n\t\t\t\t\t\t\t<div class=\"elementor-row\">\n\t\t\t\t\t<div class=\"elementor-column elementor-col-50 elementor-top-column elementor-element elementor-element-3cca3dc5\" data-id=\"3cca3dc5\" data-element_type=\"column\" data-settings=\"{&quot;background_background&quot;:&quot;classic&quot;}\">\n\t\t\t<div class=\"elementor-column-wrap elementor-element-populated\">\n\t\t\t\t\t\t\t<div class=\"elementor-widget-wrap\">\n\t\t\t\t\t\t<div class=\"elementor-element elementor-element-1f14099 elementor-widget elementor-widget-image\" data-id=\"1f14099\" data-element_type=\"widget\" data-widget_type=\"image.default\">\n\t\t\t\t<div class=\"elementor-widget-container\">\n\t\t\t\t\t<div class=\"elementor-image\">\n\t\t\t\t\t\t\t\t\t\t<img src=\"https:\/\/ibagar.net\/wp-content\/uploads\/elementor\/thumbs\/sugerencias-del-chef-ibagar-1-op18kxgqg3qqzkh2pde1u1tn7x63kml0i9tzzmj4zi.jpg\" title=\"sugerencias-del-chef-ibagar\" alt=\"sugerencias-del-chef-ibagar\" \/>\t\t\t\t\t\t\t\t\t\t\t<\/div>\n\t\t\t\t<\/div>\n\t\t\t\t<\/div>\n\t\t\t\t<div class=\"elementor-element elementor-element-39b1f715 elementor-widget elementor-widget-rt-heading\" data-id=\"39b1f715\" data-element_type=\"widget\" data-widget_type=\"rt-heading.default\">\n\t\t\t\t<div class=\"elementor-widget-container\">\n\t\t\t<div class=\"rt-heading-wrapper text-center\">\n\t\t\t\t\t\t<H6 class=\"   rt-heading\" >Sugerencias del Chef<\/H6>\n\t\t\t\t\t<\/div>\t\t<\/div>\n\t\t\t\t<\/div>\n\t\t\t\t<div class=\"elementor-element elementor-element-2206bffd elementor-widget elementor-widget-text-editor\" data-id=\"2206bffd\" data-element_type=\"widget\" data-widget_type=\"text-editor.default\">\n\t\t\t\t<div class=\"elementor-widget-container\">\n\t\t\t\t\t<div class=\"elementor-text-editor elementor-clearfix\"><p>Nuestro chef ejecutivo Miguel Sillero ha dise\u00f1ado una carta para tus momentos m\u00e1s especiales.<\/p><\/div>\n\t\t\t\t<\/div>\n\t\t\t\t<\/div>\n\t\t\t\t<div class=\"elementor-element elementor-element-17b6b782 elementor-align-center elementor-invisible elementor-widget elementor-widget-rt-button\" data-id=\"17b6b782\" data-element_type=\"widget\" data-settings=\"{&quot;_animation&quot;:&quot;fadeIn&quot;}\" data-widget_type=\"rt-button.default\">\n\t\t\t\t<div class=\"elementor-widget-container\">\n\t\t\t<div class=\"button_wrapper  rounded\"><a href=\"https:\/\/www.ibagar.com\/wp-content\/uploads\/2020\/05\/Ibagar-sugerencias-del-chef-a-domicilio.pdf\" target=\"_self\" title=\"Descargar pdf\" class=\"button_  style-1 small\"><span><span>Descargar pdf<\/span><\/span><\/a><\/div>\t\t<\/div>\n\t\t\t\t<\/div>\n\t\t\t\t\t\t<\/div>\n\t\t\t\t\t<\/div>\n\t\t<\/div>\n\t\t\t\t<div class=\"elementor-column elementor-col-50 elementor-top-column elementor-element elementor-element-22576072\" data-id=\"22576072\" data-element_type=\"column\" data-settings=\"{&quot;background_background&quot;:&quot;classic&quot;}\">\n\t\t\t<div class=\"elementor-column-wrap elementor-element-populated\">\n\t\t\t\t\t\t\t<div class=\"elementor-widget-wrap\">\n\t\t\t\t\t\t<div class=\"elementor-element elementor-element-69ac08a4 elementor-widget elementor-widget-image\" data-id=\"69ac08a4\" data-element_type=\"widget\" data-widget_type=\"image.default\">\n\t\t\t\t<div class=\"elementor-widget-container\">\n\t\t\t\t\t<div class=\"elementor-image\">\n\t\t\t\t\t\t\t\t\t\t<img width=\"600\" height=\"307\" src=\"https:\/\/ibagar.net\/wp-content\/uploads\/2020\/05\/menus-a-domicilio.jpg\" class=\"attachment-medium_large size-medium_large\" alt=\"\" loading=\"lazy\" srcset=\"https:\/\/ibagar.net\/wp-content\/uploads\/2020\/05\/menus-a-domicilio.jpg 600w, https:\/\/ibagar.net\/wp-content\/uploads\/2020\/05\/menus-a-domicilio-300x153.jpg 300w, https:\/\/ibagar.net\/wp-content\/uploads\/2020\/05\/menus-a-domicilio-393x201.jpg 393w, https:\/\/ibagar.net\/wp-content\/uploads\/2020\/05\/menus-a-domicilio-290x148.jpg 290w\" sizes=\"(max-width: 600px) 100vw, 600px\" \/>\t\t\t\t\t\t\t\t\t\t\t<\/div>\n\t\t\t\t<\/div>\n\t\t\t\t<\/div>\n\t\t\t\t<div class=\"elementor-element elementor-element-d704e5a elementor-widget elementor-widget-rt-heading\" data-id=\"d704e5a\" data-element_type=\"widget\" data-widget_type=\"rt-heading.default\">\n\t\t\t\t<div class=\"elementor-widget-container\">\n\t\t\t<div class=\"rt-heading-wrapper text-center\">\n\t\t\t\t\t\t<H6 class=\"   rt-heading\" >Men\u00fas a domicilio<\/H6>\n\t\t\t\t\t<\/div>\t\t<\/div>\n\t\t\t\t<\/div>\n\t\t\t\t<div class=\"elementor-element elementor-element-4b7ef619 elementor-widget elementor-widget-text-editor\" data-id=\"4b7ef619\" data-element_type=\"widget\" data-widget_type=\"text-editor.default\">\n\t\t\t\t<div class=\"elementor-widget-container\">\n\t\t\t\t\t<div class=\"elementor-text-editor elementor-clearfix\"><p>\u00bfNo tienes tiempo para cocinar?. \u00bfNo te gusta cocinar? .Tenemos la soluci\u00f3n: nosotros cocinamos por ti y te lo llevamos a casa.<\/p>\n<p><\/p><\/div>\n\t\t\t\t<\/div>\n\t\t\t\t<\/div>\n\t\t\t\t<div class=\"elementor-element elementor-element-70591693 elementor-align-center elementor-invisible elementor-widget elementor-widget-rt-button\" data-id=\"70591693\" data-element_type=\"widget\" data-settings=\"{&quot;_animation&quot;:&quot;fadeIn&quot;}\" data-widget_type=\"rt-button.default\">\n\t\t\t\t<div class=\"elementor-widget-container\">\n\t\t\t<div class=\"button_wrapper  rounded\"><a href=\"https:\/\/ibagar.net\/index.php\/nuestros-menus-a-domicilio\/\" target=\"_self\" title=\"Solicitar men\u00fa\" class=\"button_  style-1 small\"><span><span>Solicitar men\u00fa<\/span><\/span><\/a><\/div>\t\t<\/div>\n\t\t\t\t<\/div>\n\t\t\t\t\t\t<\/div>\n\t\t\t\t\t<\/div>\n\t\t<\/div>\n\t\t\t\t\t\t\t\t<\/div>\n\t\t\t\t\t<\/div>\n\t\t<\/section>\n\t\t\t\t<section class=\"elementor-section elementor-top-section elementor-element elementor-element-7a02af9 elementor-section-boxed elementor-section-height-default elementor-section-height-default default-style\" data-id=\"7a02af9\" data-element_type=\"section\" data-settings=\"{&quot;rt_color_sets&quot;:&quot;default-style&quot;}\">\n\t\t\t\t\t\t<div class=\"elementor-container elementor-column-gap-default\">\n\t\t\t\t\t\t\t<div class=\"elementor-row\">\n\t\t\t\t\t<div class=\"elementor-column elementor-col-50 elementor-top-column elementor-element elementor-element-a37d066\" data-id=\"a37d066\" data-element_type=\"column\">\n\t\t\t<div class=\"elementor-column-wrap elementor-element-populated\">\n\t\t\t\t\t\t\t<div class=\"elementor-widget-wrap\">\n\t\t\t\t\t\t<div class=\"elementor-element elementor-element-a015191 elementor-widget elementor-widget-image\" data-id=\"a015191\" data-element_type=\"widget\" data-widget_type=\"image.default\">\n\t\t\t\t<div class=\"elementor-widget-container\">\n\t\t\t\t\t<div class=\"elementor-image\">\n\t\t\t\t\t\t\t\t\t\t\t<a href=\"http:\/\/ibagar.net\/wp-content\/uploads\/2020\/09\/Particulares_oct_20.pdf\" target=\"_blank\">\n\t\t\t\t\t\t\t<img width=\"500\" height=\"359\" src=\"https:\/\/ibagar.net\/wp-content\/uploads\/2019\/09\/Menu-saludable-visualizacion-mediterraneo.jpg\" class=\"attachment-large size-large\" alt=\"\" loading=\"lazy\" srcset=\"https:\/\/ibagar.net\/wp-content\/uploads\/2019\/09\/Menu-saludable-visualizacion-mediterraneo.jpg 500w, https:\/\/ibagar.net\/wp-content\/uploads\/2019\/09\/Menu-saludable-visualizacion-mediterraneo-300x215.jpg 300w, https:\/\/ibagar.net\/wp-content\/uploads\/2019\/09\/Menu-saludable-visualizacion-mediterraneo-250x179.jpg 250w, https:\/\/ibagar.net\/wp-content\/uploads\/2019\/09\/Menu-saludable-visualizacion-mediterraneo-393x282.jpg 393w, https:\/\/ibagar.net\/wp-content\/uploads\/2019\/09\/Menu-saludable-visualizacion-mediterraneo-290x208.jpg 290w\" sizes=\"(max-width: 500px) 100vw, 500px\" \/>\t\t\t\t\t\t\t\t<\/a>\n\t\t\t\t\t\t\t\t\t\t\t<\/div>\n\t\t\t\t<\/div>\n\t\t\t\t<\/div>\n\t\t\t\t\t\t<\/div>\n\t\t\t\t\t<\/div>\n\t\t<\/div>\n\t\t\t\t<div class=\"elementor-column elementor-col-50 elementor-top-column elementor-element elementor-element-05e4b14\" data-id=\"05e4b14\" data-element_type=\"column\">\n\t\t\t<div class=\"elementor-column-wrap elementor-element-populated\">\n\t\t\t\t\t\t\t<div class=\"elementor-widget-wrap\">\n\t\t\t\t\t\t<div class=\"elementor-element elementor-element-a19712b elementor-widget elementor-widget-rt-heading\" data-id=\"a19712b\" data-element_type=\"widget\" data-widget_type=\"rt-heading.default\">\n\t\t\t\t<div class=\"elementor-widget-container\">\n\t\t\t<div class=\"rt-heading-wrapper\">\n\t\t\t\t\t\t<a href=\"http:\/\/ibagar.net\/wp-content\/uploads\/2020\/08\/Men\u00fa-Dieta-Mediterr\u00e1nea-AGOSTO-2020.pdf\" target=\"_blank\"><h4 class=\"   rt-heading\" >Men\u00fa Saludable Mediterr\u00e1neo<\/h4><\/a>\n\t\t\t\t\t<\/div>\t\t<\/div>\n\t\t\t\t<\/div>\n\t\t\t\t<div class=\"elementor-element elementor-element-b348573 animated-fast elementor-invisible elementor-widget elementor-widget-text-editor\" data-id=\"b348573\" data-element_type=\"widget\" data-settings=\"{&quot;_animation&quot;:&quot;fadeIn&quot;,&quot;_animation_delay&quot;:100}\" data-widget_type=\"text-editor.default\">\n\t\t\t\t<div class=\"elementor-widget-container\">\n\t\t\t\t\t<div class=\"elementor-text-editor elementor-clearfix\"><p>En catering Ibagar apostamos por la salud, la calidad y la nutrici\u00f3n. Te presentamos nuestra l\u00ednea de men\u00fas healthy (saludables) para toda la familia, donde combinamos ingredientes naturales con recetas de siempre, pero\u00a0 a\u00f1adiendo un valor fundamental, la nutrici\u00f3n.<\/p><p>Unificamos en un solo men\u00fa todo aquello que es beneficiosos para toda la familia, potenciando la dieta mediterr\u00e1nea, trabajando con productos frescos y de temporada, cocinados con aceite de oliva virgen extra y avalados por el Instituto de Nutrici\u00f3n y Tecnolog\u00eda de Los Alimentos y nuestra asesora de nutrici\u00f3n Mart\u00ednez (Dietista-Nutricionista). N\u00ba Col.: AND-00305<\/p><\/div>\n\t\t\t\t<\/div>\n\t\t\t\t<\/div>\n\t\t\t\t<div class=\"elementor-element elementor-element-eb6787d animated-fast elementor-invisible elementor-widget elementor-widget-rt-button\" data-id=\"eb6787d\" data-element_type=\"widget\" data-settings=\"{&quot;_animation&quot;:&quot;fadeInRight&quot;,&quot;_animation_delay&quot;:200}\" data-widget_type=\"rt-button.default\">\n\t\t\t\t<div class=\"elementor-widget-container\">\n\t\t\t<div class=\"button_wrapper \"><a href=\"http:\/\/ibagar.net\/wp-content\/uploads\/2020\/10\/Particulares_nov_20.pdf\" target=\"_blank\" title=\"Descargar men\u00fa\" class=\"button_  custom medium\"><span><span>Descargar men\u00fa<\/span><\/span><\/a><\/div>\t\t<\/div>\n\t\t\t\t<\/div>\n\t\t\t\t\t\t<\/div>\n\t\t\t\t\t<\/div>\n\t\t<\/div>\n\t\t\t\t\t\t\t\t<\/div>\n\t\t\t\t\t<\/div>\n\t\t<\/section>\n\t\t\t\t<section class=\"elementor-section elementor-top-section elementor-element elementor-element-3846069 elementor-section-boxed elementor-section-height-default elementor-section-height-default default-style\" data-id=\"3846069\" data-element_type=\"section\" data-settings=\"{&quot;rt_color_sets&quot;:&quot;default-style&quot;}\">\n\t\t\t\t\t\t<div class=\"elementor-container elementor-column-gap-default\">\n\t\t\t\t\t\t\t<div class=\"elementor-row\">\n\t\t\t\t\t<div class=\"elementor-column elementor-col-50 elementor-top-column elementor-element elementor-element-53f9b9b\" data-id=\"53f9b9b\" data-element_type=\"column\">\n\t\t\t<div class=\"elementor-column-wrap elementor-element-populated\">\n\t\t\t\t\t\t\t<div class=\"elementor-widget-wrap\">\n\t\t\t\t\t\t<div class=\"elementor-element elementor-element-74c4f03 elementor-widget elementor-widget-image\" data-id=\"74c4f03\" data-element_type=\"widget\" data-widget_type=\"image.default\">\n\t\t\t\t<div class=\"elementor-widget-container\">\n\t\t\t\t\t<div class=\"elementor-image\">\n\t\t\t\t\t\t\t\t\t\t\t<a href=\"http:\/\/ibagar.net\/wp-content\/uploads\/2020\/04\/Menu-dieta-mediterranea-Ibagar-Mayo-2020.pdf\" target=\"_blank\">\n\t\t\t\t\t\t\t<img width=\"500\" height=\"359\" src=\"https:\/\/ibagar.net\/wp-content\/uploads\/2019\/09\/Plato-unico.jpg\" class=\"attachment-large size-large\" alt=\"\" loading=\"lazy\" srcset=\"https:\/\/ibagar.net\/wp-content\/uploads\/2019\/09\/Plato-unico.jpg 500w, https:\/\/ibagar.net\/wp-content\/uploads\/2019\/09\/Plato-unico-300x215.jpg 300w, https:\/\/ibagar.net\/wp-content\/uploads\/2019\/09\/Plato-unico-250x179.jpg 250w, https:\/\/ibagar.net\/wp-content\/uploads\/2019\/09\/Plato-unico-393x282.jpg 393w, https:\/\/ibagar.net\/wp-content\/uploads\/2019\/09\/Plato-unico-290x208.jpg 290w\" sizes=\"(max-width: 500px) 100vw, 500px\" \/>\t\t\t\t\t\t\t\t<\/a>\n\t\t\t\t\t\t\t\t\t\t\t<\/div>\n\t\t\t\t<\/div>\n\t\t\t\t<\/div>\n\t\t\t\t\t\t<\/div>\n\t\t\t\t\t<\/div>\n\t\t<\/div>\n\t\t\t\t<div class=\"elementor-column elementor-col-50 elementor-top-column elementor-element elementor-element-1137886\" data-id=\"1137886\" data-element_type=\"column\">\n\t\t\t<div class=\"elementor-column-wrap elementor-element-populated\">\n\t\t\t\t\t\t\t<div class=\"elementor-widget-wrap\">\n\t\t\t\t\t\t<div class=\"elementor-element elementor-element-098638d elementor-widget elementor-widget-rt-heading\" data-id=\"098638d\" data-element_type=\"widget\" data-widget_type=\"rt-heading.default\">\n\t\t\t\t<div class=\"elementor-widget-container\">\n\t\t\t<div class=\"rt-heading-wrapper\">\n\t\t\t\t\t\t<a href=\"http:\/\/ibagar.net\/wp-content\/uploads\/2020\/04\/Menu-dieta-mediterranea-Ibagar-Mayo-2020.pdf\" target=\"_blank\"><h4 class=\"   rt-heading\" >Plato \u00danico, \u00a1por solo 3\u20ac!<\/h4><\/a>\n\t\t\t\t\t<\/div>\t\t<\/div>\n\t\t\t\t<\/div>\n\t\t\t\t<div class=\"elementor-element elementor-element-2199207 animated-fast elementor-invisible elementor-widget elementor-widget-text-editor\" data-id=\"2199207\" data-element_type=\"widget\" data-settings=\"{&quot;_animation&quot;:&quot;fadeIn&quot;,&quot;_animation_delay&quot;:100}\" data-widget_type=\"text-editor.default\">\n\t\t\t\t<div class=\"elementor-widget-container\">\n\t\t\t\t\t<div class=\"elementor-text-editor elementor-clearfix\"><p>\u00a0<\/p><p>Por 3\u20ac, te ofrecemos la posibilidad de llevarte a casa un solo plato por d\u00eda.<br \/>*El pedido m\u00ednimo ha de ser de 15\u20ac, 5 platos a la semana.<\/p><\/div>\n\t\t\t\t<\/div>\n\t\t\t\t<\/div>\n\t\t\t\t<div class=\"elementor-element elementor-element-a717ed1 animated-fast elementor-invisible elementor-widget elementor-widget-rt-button\" data-id=\"a717ed1\" data-element_type=\"widget\" data-settings=\"{&quot;_animation&quot;:&quot;fadeInRight&quot;,&quot;_animation_delay&quot;:200}\" data-widget_type=\"rt-button.default\">\n\t\t\t\t<div class=\"elementor-widget-container\">\n\t\t\t<div class=\"button_wrapper \"><a href=\"tel:958522080\" target=\"_self\" title=\"Pedir ahora\" class=\"button_  custom medium\"><span><span>Pedir ahora<\/span><\/span><\/a><\/div>\t\t<\/div>\n\t\t\t\t<\/div>\n\t\t\t\t\t\t<\/div>\n\t\t\t\t\t<\/div>\n\t\t<\/div>\n\t\t\t\t\t\t\t\t<\/div>\n\t\t\t\t\t<\/div>\n\t\t<\/section>\n\t\t\t\t\t\t<\/div>\n\t\t\t\t\t\t<\/div>\n\t\t\t\t\t<\/div>\n\t\t","protected":false},"excerpt":{"rendered":"<p>Ibagar, Comida casera saludable a domicilio Ahora disfruta de nuestro\u00a0men\u00fa saludable para toda la familia en casa. As\u00ed de f\u00e1cil y as\u00ed de natural, avalados por el Instituto de Nutrici\u00f3n y Tecnolog\u00eda de los Alimentos y con la confianza de Ibagar. Y para los momentos\u00a0 m\u00e1s especiales disfruta de la sugerencias de nuestro Chef. Sugerencias [&hellip;]<\/p>\n","protected":false},"author":2,"featured_media":0,"parent":0,"menu_order":0,"comment_status":"closed","ping_status":"closed","template":"","meta":[],"yoast_head":"<!-- This site is optimized with the Yoast SEO plugin v15.3 - https:\/\/yoast.com\/wordpress\/plugins\/seo\/ -->\n<title>Comida a domicilio - Ibagar, Catering y Eventos<\/title>\n<meta name=\"description\" content=\"Comida casera saludable a domicilio. Disfruta y saborea cocina tradicional casera avalada por el Instituto de Nutrici\u00f3n y Tecnolog\u00eda de los alimentos. En casa, en la oficina o donde t\u00fa prefieras.\" \/>\n<meta name=\"robots\" content=\"index, follow, max-snippet:-1, max-image-preview:large, max-video-preview:-1\" \/>\n<link rel=\"canonical\" href=\"https:\/\/ibagar.net\/index.php\/food-service-servicio-a-domicilio\/\" \/>\n<meta property=\"og:locale\" content=\"es_ES\" \/>\n<meta property=\"og:type\" content=\"article\" \/>\n<meta property=\"og:title\" content=\"Comida a domicilio - Ibagar, Catering y Eventos\" \/>\n<meta property=\"og:description\" content=\"Comida casera saludable a domicilio. Disfruta y saborea cocina tradicional casera avalada por el Instituto de Nutrici\u00f3n y Tecnolog\u00eda de los alimentos. En casa, en la oficina o donde t\u00fa prefieras.\" \/>\n<meta property=\"og:url\" content=\"https:\/\/ibagar.net\/index.php\/food-service-servicio-a-domicilio\/\" \/>\n<meta property=\"og:site_name\" content=\"Ibagar, Catering y Eventos\" \/>\n<meta property=\"article:modified_time\" content=\"2021-01-27T11:10:49+00:00\" \/>\n<meta property=\"og:image\" content=\"https:\/\/ibagar.net\/wp-content\/uploads\/elementor\/thumbs\/sugerencias-del-chef-ibagar-1-op18kxgqg3qqzkh2pde1u1tn7x63kml0i9tzppaznk.jpg\" \/>\n<meta name=\"twitter:card\" content=\"summary_large_image\" \/>\n<meta name=\"twitter:label1\" content=\"Escrito por\">\n\t<meta name=\"twitter:data1\" content=\"V\u00edctor Molina\">\n\t<meta name=\"twitter:label2\" content=\"Tiempo de lectura\">\n\t<meta name=\"twitter:data2\" content=\"1 minuto\">\n<script type=\"application\/ld+json\" class=\"yoast-schema-graph\">{\"@context\":\"https:\/\/schema.org\",\"@graph\":[{\"@type\":\"WebSite\",\"@id\":\"https:\/\/ibagar.net\/#website\",\"url\":\"https:\/\/ibagar.net\/\",\"name\":\"Ibagar, Catering y Eventos\",\"description\":\"Restauraci\\u00f3n de alto nivel, sin\\u00f3nimo de tradici\\u00f3n, innovaci\\u00f3n, arte y prestigio. Estamos tan seguros porque llevamos 35 a\\u00f1os creando d\\u00edas y recuerdos especiales\",\"potentialAction\":[{\"@type\":\"SearchAction\",\"target\":\"https:\/\/ibagar.net\/?s={search_term_string}\",\"query-input\":\"required name=search_term_string\"}],\"inLanguage\":\"es\"},{\"@type\":\"ImageObject\",\"@id\":\"https:\/\/ibagar.net\/index.php\/food-service-servicio-a-domicilio\/#primaryimage\",\"inLanguage\":\"es\",\"url\":\"https:\/\/ibagar.net\/wp-content\/uploads\/elementor\/thumbs\/sugerencias-del-chef-ibagar-1-op18kxgqg3qqzkh2pde1u1tn7x63kml0i9tzppaznk.jpg\"},{\"@type\":\"WebPage\",\"@id\":\"https:\/\/ibagar.net\/index.php\/food-service-servicio-a-domicilio\/#webpage\",\"url\":\"https:\/\/ibagar.net\/index.php\/food-service-servicio-a-domicilio\/\",\"name\":\"Comida a domicilio - Ibagar, Catering y Eventos\",\"isPartOf\":{\"@id\":\"https:\/\/ibagar.net\/#website\"},\"primaryImageOfPage\":{\"@id\":\"https:\/\/ibagar.net\/index.php\/food-service-servicio-a-domicilio\/#primaryimage\"},\"datePublished\":\"2019-09-26T07:59:29+00:00\",\"dateModified\":\"2021-01-27T11:10:49+00:00\",\"description\":\"Comida casera saludable a domicilio. Disfruta y saborea cocina tradicional casera avalada por el Instituto de Nutrici\\u00f3n y Tecnolog\\u00eda de los alimentos. En casa, en la oficina o donde t\\u00fa prefieras.\",\"inLanguage\":\"es\",\"potentialAction\":[{\"@type\":\"ReadAction\",\"target\":[\"https:\/\/ibagar.net\/index.php\/food-service-servicio-a-domicilio\/\"]}]}]}<\/script>\n<!-- \/ Yoast SEO plugin. -->","_links":{"self":[{"href":"https:\/\/ibagar.net\/index.php\/wp-json\/wp\/v2\/pages\/7060"}],"collection":[{"href":"https:\/\/ibagar.net\/index.php\/wp-json\/wp\/v2\/pages"}],"about":[{"href":"https:\/\/ibagar.net\/index.php\/wp-json\/wp\/v2\/types\/page"}],"author":[{"embeddable":true,"href":"https:\/\/ibagar.net\/index.php\/wp-json\/wp\/v2\/users\/2"}],"replies":[{"embeddable":true,"href":"https:\/\/ibagar.net\/index.php\/wp-json\/wp\/v2\/comments?post=7060"}],"version-history":[{"count":236,"href":"https:\/\/ibagar.net\/index.php\/wp-json\/wp\/v2\/pages\/7060\/revisions"}],"predecessor-version":[{"id":9278,"href":"https:\/\/ibagar.net\/index.php\/wp-json\/wp\/v2\/pages\/7060\/revisions\/9278"}],"wp:attachment":[{"href":"https:\/\/ibagar.net\/index.php\/wp-json\/wp\/v2\/media?parent=7060"}],"curies":[{"name":"wp","href":"https:\/\/api.w.org\/{rel}","templated":true}]}}