{"id":7118,"date":"2019-09-26T12:09:04","date_gmt":"2019-09-26T10:09:04","guid":{"rendered":"http:\/\/www.cocinasandresehijos.com\/iba\/?page_id=7118"},"modified":"2020-11-03T13:26:18","modified_gmt":"2020-11-03T12:26:18","slug":"restauracion-colectiva","status":"publish","type":"page","link":"https:\/\/ibagar.net\/index.php\/restauracion-colectiva\/","title":{"rendered":"Restauraci\u00f3n colectiva"},"content":{"rendered":"\t\t<div data-elementor-type=\"wp-page\" data-elementor-id=\"7118\" class=\"elementor elementor-7118\" data-elementor-settings=\"[]\">\n\t\t\t\t\t\t<div class=\"elementor-inner\">\n\t\t\t\t\t\t\t<div class=\"elementor-section-wrap\">\n\t\t\t\t\t\t\t<section class=\"elementor-section elementor-top-section elementor-element elementor-element-a5519cb elementor-section-boxed elementor-section-height-default elementor-section-height-default default-style\" data-id=\"a5519cb\" data-element_type=\"section\" data-settings=\"{&quot;background_background&quot;:&quot;classic&quot;,&quot;rt_color_sets&quot;:&quot;default-style&quot;}\">\n\t\t\t\t\t\t<div class=\"elementor-container elementor-column-gap-default\">\n\t\t\t\t\t\t\t<div class=\"elementor-row\">\n\t\t\t\t\t<div class=\"elementor-column elementor-col-100 elementor-top-column elementor-element elementor-element-042fbff\" data-id=\"042fbff\" data-element_type=\"column\">\n\t\t\t<div class=\"elementor-column-wrap elementor-element-populated\">\n\t\t\t\t\t\t\t<div class=\"elementor-widget-wrap\">\n\t\t\t\t\t\t<div class=\"elementor-element elementor-element-3070632 elementor-widget elementor-widget-rt-heading\" data-id=\"3070632\" data-element_type=\"widget\" data-widget_type=\"rt-heading.default\">\n\t\t\t\t<div class=\"elementor-widget-container\">\n\t\t\t<div class=\"rt-heading-wrapper\">\n\t\t\t\t\t\t<h4 class=\"   rt-heading custom-color\" >Restauraci\u00f3n colectiva<\/h4>\n\t\t\t\t\t<\/div>\t\t<\/div>\n\t\t\t\t<\/div>\n\t\t\t\t<div class=\"elementor-element elementor-element-9dc85e1 elementor-widget elementor-widget-text-editor\" data-id=\"9dc85e1\" data-element_type=\"widget\" data-widget_type=\"text-editor.default\">\n\t\t\t\t<div class=\"elementor-widget-container\">\n\t\t\t\t\t<div class=\"elementor-text-editor elementor-clearfix\"><p>Un equipo de 180 excelentes profesionales, infraestructuras, equipamientos de vanguardia y certificaciones en los m\u00e1s exigentes sistemas y est\u00e1ndares de calidad del sector alimentario nos permiten ofrecer las mejores garant\u00edas del mercado en soluciones de restauraci\u00f3n colectiva para el sector educativo,socio-sanitario y espacios de trabajo y ocio.<\/p><\/div>\n\t\t\t\t<\/div>\n\t\t\t\t<\/div>\n\t\t\t\t\t\t<\/div>\n\t\t\t\t\t<\/div>\n\t\t<\/div>\n\t\t\t\t\t\t\t\t<\/div>\n\t\t\t\t\t<\/div>\n\t\t<\/section>\n\t\t\t\t<section class=\"elementor-section elementor-top-section elementor-element elementor-element-262def0 elementor-section-content-middle rt-el-parallax-background elementor-section-boxed elementor-section-height-default elementor-section-height-default default-style\" data-id=\"262def0\" data-element_type=\"section\" data-settings=\"{&quot;background_background&quot;:&quot;classic&quot;,&quot;rt_parallax&quot;:&quot;rt-el-parallax-background&quot;,&quot;rt_bg_parallax_effect&quot;:&quot;4&quot;,&quot;rt_color_sets&quot;:&quot;default-style&quot;,&quot;rt_bg_parallax_speed&quot;:&quot;1&quot;}\">\n\t\t\t\t\t\t\t<div class=\"elementor-background-overlay\"><\/div>\n\t\t\t\t\t\t\t<div class=\"elementor-container elementor-column-gap-default\">\n\t\t\t\t\t\t\t<div class=\"elementor-row\">\n\t\t\t\t\t<div class=\"elementor-column elementor-col-33 elementor-top-column elementor-element elementor-element-ab282a9\" data-id=\"ab282a9\" data-element_type=\"column\" data-settings=\"{&quot;background_background&quot;:&quot;classic&quot;}\">\n\t\t\t<div class=\"elementor-column-wrap elementor-element-populated\">\n\t\t\t\t\t\t\t<div class=\"elementor-widget-wrap\">\n\t\t\t\t\t\t<div class=\"elementor-element elementor-element-3b740f6 elementor-widget elementor-widget-image\" data-id=\"3b740f6\" data-element_type=\"widget\" data-widget_type=\"image.default\">\n\t\t\t\t<div class=\"elementor-widget-container\">\n\t\t\t\t\t<div class=\"elementor-image\">\n\t\t\t\t\t\t\t\t\t\t\t<a href=\"http:\/\/ibagar.net\/index.php\/comedores-escolares\/\" target=\"_blank\">\n\t\t\t\t\t\t\t<img src=\"https:\/\/ibagar.net\/wp-content\/uploads\/elementor\/thumbs\/restauracion-colectiva-1-oedp77tid7m0i98vvg9xdilqnm83czqllklrfh3vnk.jpg\" title=\"restauracion-colectiva-1\" alt=\"restauracion-colectiva-1\" \/>\t\t\t\t\t\t\t\t<\/a>\n\t\t\t\t\t\t\t\t\t\t\t<\/div>\n\t\t\t\t<\/div>\n\t\t\t\t<\/div>\n\t\t\t\t<div class=\"elementor-element elementor-element-a2bbde6 elementor-widget elementor-widget-rt-heading\" data-id=\"a2bbde6\" data-element_type=\"widget\" data-widget_type=\"rt-heading.default\">\n\t\t\t\t<div class=\"elementor-widget-container\">\n\t\t\t<div class=\"rt-heading-wrapper text-center\">\n\t\t\t\t\t\t<a href=\"http:\/\/ibagar.net\/index.php\/comedores-escolares\/\" target=\"_blank\"><H6 class=\"   rt-heading\" >Sector educativo<\/H6><\/a>\n\t\t\t\t\t<\/div>\t\t<\/div>\n\t\t\t\t<\/div>\n\t\t\t\t<div class=\"elementor-element elementor-element-a1d5687 elementor-widget elementor-widget-text-editor\" data-id=\"a1d5687\" data-element_type=\"widget\" data-widget_type=\"text-editor.default\">\n\t\t\t\t<div class=\"elementor-widget-container\">\n\t\t\t\t\t<div class=\"elementor-text-editor elementor-clearfix\"><p>La investigaci\u00f3n y el desarrollo en el campo de la nutrici\u00f3n infantil y juvenil es fundamental para una alimentaci\u00f3n saludable, nutritiva y equilibrada.<\/p><p>Nuestros men\u00fas para colegios e instituciones educativas est\u00e1n elaborados para conseguir un aporte id\u00f3neo en el crecimiento saludable de los ni\u00f1os logrando un perfecto equilibrio en hidratos de carbono, prote\u00ednas, vitaminas y minerales.\u00a0<\/p><\/div>\n\t\t\t\t<\/div>\n\t\t\t\t<\/div>\n\t\t\t\t<div class=\"elementor-element elementor-element-1eee3e3 elementor-align-center elementor-invisible elementor-widget elementor-widget-rt-button\" data-id=\"1eee3e3\" data-element_type=\"widget\" data-settings=\"{&quot;_animation&quot;:&quot;fadeIn&quot;}\" data-widget_type=\"rt-button.default\">\n\t\t\t\t<div class=\"elementor-widget-container\">\n\t\t\t<div class=\"button_wrapper \"><a href=\"http:\/\/ibagar.net\/index.php\/comedores-escolares\/\" target=\"_self\" title=\"Entrar sector educativo\" class=\"button_  style-2 big\"><span><span>Entrar sector educativo<\/span><\/span><\/a><\/div>\t\t<\/div>\n\t\t\t\t<\/div>\n\t\t\t\t\t\t<\/div>\n\t\t\t\t\t<\/div>\n\t\t<\/div>\n\t\t\t\t<div class=\"elementor-column elementor-col-33 elementor-top-column elementor-element elementor-element-1633d89\" data-id=\"1633d89\" data-element_type=\"column\" data-settings=\"{&quot;background_background&quot;:&quot;classic&quot;}\">\n\t\t\t<div class=\"elementor-column-wrap elementor-element-populated\">\n\t\t\t\t\t\t\t<div class=\"elementor-widget-wrap\">\n\t\t\t\t\t\t<div class=\"elementor-element elementor-element-ffe400a elementor-widget elementor-widget-image\" data-id=\"ffe400a\" data-element_type=\"widget\" data-widget_type=\"image.default\">\n\t\t\t\t<div class=\"elementor-widget-container\">\n\t\t\t\t\t<div class=\"elementor-image\">\n\t\t\t\t\t\t\t\t\t\t\t<a href=\"#\">\n\t\t\t\t\t\t\t<img src=\"https:\/\/ibagar.net\/wp-content\/uploads\/elementor\/thumbs\/restauracion-colectiva-2-oedp79p6qvol5h65kh36ii4nudytsdy29twqe113b4.jpg\" title=\"restauracion-colectiva-2\" alt=\"restauracion-colectiva-2\" \/>\t\t\t\t\t\t\t\t<\/a>\n\t\t\t\t\t\t\t\t\t\t\t<\/div>\n\t\t\t\t<\/div>\n\t\t\t\t<\/div>\n\t\t\t\t<div class=\"elementor-element elementor-element-31c309b elementor-widget elementor-widget-rt-heading\" data-id=\"31c309b\" data-element_type=\"widget\" data-widget_type=\"rt-heading.default\">\n\t\t\t\t<div class=\"elementor-widget-container\">\n\t\t\t<div class=\"rt-heading-wrapper text-center\">\n\t\t\t\t\t\t<a href=\"#\" target=\"_self\"><H6 class=\"   rt-heading\" >Sector socio-sanitario<\/H6><\/a>\n\t\t\t\t\t<\/div>\t\t<\/div>\n\t\t\t\t<\/div>\n\t\t\t\t<div class=\"elementor-element elementor-element-0a8a8d8 elementor-widget elementor-widget-text-editor\" data-id=\"0a8a8d8\" data-element_type=\"widget\" data-widget_type=\"text-editor.default\">\n\t\t\t\t<div class=\"elementor-widget-container\">\n\t\t\t\t\t<div class=\"elementor-text-editor elementor-clearfix\"><p>\u200bLa salud, el bienestar y el cuidado de nuestros mayores y de los pacientes en su alimentaci\u00f3n es nuestro compromiso por mejorar su calidad de vida dise\u00f1ando men\u00fas adaptados a sus necesidades.<\/p><p>En Ibagar cuidamos de ti con una alimentaci\u00f3n saludable y adaptada a las necesidades de cada etapa de la vida y en cada situaci\u00f3n, desde tu primera infancia hasta la tercera edad con la excelencia, la calidad y el acompa\u00f1amiento que necesitas en cada una de ellas.<\/p><\/div>\n\t\t\t\t<\/div>\n\t\t\t\t<\/div>\n\t\t\t\t<div class=\"elementor-element elementor-element-e33c634 elementor-align-center elementor-invisible elementor-widget elementor-widget-rt-button\" data-id=\"e33c634\" data-element_type=\"widget\" data-settings=\"{&quot;_animation&quot;:&quot;fadeIn&quot;}\" data-widget_type=\"rt-button.default\">\n\t\t\t\t<div class=\"elementor-widget-container\">\n\t\t\t<div class=\"button_wrapper \"><a href=\"mailto:info@ibagar.net\" target=\"_self\" title=\"Te escuchamos\" class=\"button_  style-2 big\"><span><span>Te escuchamos<\/span><\/span><\/a><\/div>\t\t<\/div>\n\t\t\t\t<\/div>\n\t\t\t\t\t\t<\/div>\n\t\t\t\t\t<\/div>\n\t\t<\/div>\n\t\t\t\t<div class=\"elementor-column elementor-col-33 elementor-top-column elementor-element elementor-element-96ab465\" data-id=\"96ab465\" data-element_type=\"column\" data-settings=\"{&quot;background_background&quot;:&quot;classic&quot;}\">\n\t\t\t<div class=\"elementor-column-wrap elementor-element-populated\">\n\t\t\t\t\t\t\t<div class=\"elementor-widget-wrap\">\n\t\t\t\t\t\t<div class=\"elementor-element elementor-element-21afc95 elementor-widget elementor-widget-image\" data-id=\"21afc95\" data-element_type=\"widget\" data-widget_type=\"image.default\">\n\t\t\t\t<div class=\"elementor-widget-container\">\n\t\t\t\t\t<div class=\"elementor-image\">\n\t\t\t\t\t\t\t\t\t\t\t<a href=\"#\">\n\t\t\t\t\t\t\t<img src=\"https:\/\/ibagar.net\/wp-content\/uploads\/elementor\/thumbs\/restauracion-colectiva-3-oedp7an0xppvh34sezht2zw4fru7031slyk7vazp4w.jpg\" title=\"restauracion-colectiva-3\" alt=\"restauracion-colectiva-3\" \/>\t\t\t\t\t\t\t\t<\/a>\n\t\t\t\t\t\t\t\t\t\t\t<\/div>\n\t\t\t\t<\/div>\n\t\t\t\t<\/div>\n\t\t\t\t<div class=\"elementor-element elementor-element-66ae75a elementor-widget elementor-widget-rt-heading\" data-id=\"66ae75a\" data-element_type=\"widget\" data-widget_type=\"rt-heading.default\">\n\t\t\t\t<div class=\"elementor-widget-container\">\n\t\t\t<div class=\"rt-heading-wrapper text-center\">\n\t\t\t\t\t\t<a href=\"#\" target=\"_self\"><H6 class=\"   rt-heading\" >Espacios de trabajo y ocio.<\/H6><\/a>\n\t\t\t\t\t<\/div>\t\t<\/div>\n\t\t\t\t<\/div>\n\t\t\t\t<div class=\"elementor-element elementor-element-9fe61fb elementor-widget elementor-widget-text-editor\" data-id=\"9fe61fb\" data-element_type=\"widget\" data-widget_type=\"text-editor.default\">\n\t\t\t\t<div class=\"elementor-widget-container\">\n\t\t\t\t\t<div class=\"elementor-text-editor elementor-clearfix\"><p>Dise\u00f1amos espacios, servicios y una oferta gastron\u00f3mica para crear ambientes de restauraci\u00f3n \u00fanicos, funcionales, tematizados y con todas las garant\u00edas de seguridad e higiene alimentaria que necesita en su empresa, instituci\u00f3n o centro de ocio.<\/p><p>Cuidamos de la alimentaci\u00f3n de las personas en entornos profesionales e institucionales con la garant\u00eda y el \u201csaber hacer\u201d de 35 a\u00f1os de experiencia en la restauraci\u00f3n colectiva.<\/p><\/div>\n\t\t\t\t<\/div>\n\t\t\t\t<\/div>\n\t\t\t\t<div class=\"elementor-element elementor-element-3ef6d98 elementor-align-center elementor-invisible elementor-widget elementor-widget-rt-button\" data-id=\"3ef6d98\" data-element_type=\"widget\" data-settings=\"{&quot;_animation&quot;:&quot;fadeIn&quot;}\" data-widget_type=\"rt-button.default\">\n\t\t\t\t<div class=\"elementor-widget-container\">\n\t\t\t<div class=\"button_wrapper \"><a href=\"mailto:info@ibagar.net\" target=\"_self\" title=\"Te escuchamos\" class=\"button_  style-2 big\"><span><span>Te escuchamos<\/span><\/span><\/a><\/div>\t\t<\/div>\n\t\t\t\t<\/div>\n\t\t\t\t\t\t<\/div>\n\t\t\t\t\t<\/div>\n\t\t<\/div>\n\t\t\t\t\t\t\t\t<\/div>\n\t\t\t\t\t<\/div>\n\t\t<\/section>\n\t\t\t\t\t\t<\/div>\n\t\t\t\t\t\t<\/div>\n\t\t\t\t\t<\/div>\n\t\t","protected":false},"excerpt":{"rendered":"<p>Restauraci\u00f3n colectiva Un equipo de 180 excelentes profesionales, infraestructuras, equipamientos de vanguardia y certificaciones en los m\u00e1s exigentes sistemas y est\u00e1ndares de calidad del sector alimentario nos permiten ofrecer las mejores garant\u00edas del mercado en soluciones de restauraci\u00f3n colectiva para el sector educativo,socio-sanitario y espacios de trabajo y ocio. Sector educativo La investigaci\u00f3n y el [&hellip;]<\/p>\n","protected":false},"author":2,"featured_media":0,"parent":0,"menu_order":0,"comment_status":"closed","ping_status":"closed","template":"","meta":[],"yoast_head":"<!-- This site is optimized with the Yoast SEO plugin v15.3 - https:\/\/yoast.com\/wordpress\/plugins\/seo\/ -->\n<title>Restauraci\u00f3n colectiva - Ibagar, Catering y Eventos<\/title>\n<meta name=\"robots\" content=\"index, follow, max-snippet:-1, max-image-preview:large, max-video-preview:-1\" \/>\n<link rel=\"canonical\" href=\"https:\/\/ibagar.net\/index.php\/restauracion-colectiva\/\" \/>\n<meta property=\"og:locale\" content=\"es_ES\" \/>\n<meta property=\"og:type\" content=\"article\" \/>\n<meta property=\"og:title\" content=\"Restauraci\u00f3n colectiva - Ibagar, Catering y Eventos\" \/>\n<meta property=\"og:description\" content=\"Restauraci\u00f3n colectiva Un equipo de 180 excelentes profesionales, infraestructuras, equipamientos de vanguardia y certificaciones en los m\u00e1s exigentes sistemas y est\u00e1ndares de calidad del sector alimentario nos permiten ofrecer las mejores garant\u00edas del mercado en soluciones de restauraci\u00f3n colectiva para el sector educativo,socio-sanitario y espacios de trabajo y ocio. Sector educativo La investigaci\u00f3n y el [&hellip;]\" \/>\n<meta property=\"og:url\" content=\"https:\/\/ibagar.net\/index.php\/restauracion-colectiva\/\" \/>\n<meta property=\"og:site_name\" content=\"Ibagar, Catering y Eventos\" \/>\n<meta property=\"article:modified_time\" content=\"2020-11-03T12:26:18+00:00\" \/>\n<meta property=\"og:image\" content=\"http:\/\/ibagar.net\/wp-content\/uploads\/elementor\/thumbs\/restauracion-colectiva-1-oedp77tid7m0i98vvg9xdilqnm83czqllklrfh3vnk.jpg\" \/>\n<meta name=\"twitter:card\" content=\"summary_large_image\" \/>\n<meta name=\"twitter:label1\" content=\"Escrito por\">\n\t<meta name=\"twitter:data1\" content=\"V\u00edctor Molina\">\n\t<meta name=\"twitter:label2\" content=\"Tiempo de lectura\">\n\t<meta name=\"twitter:data2\" content=\"1 minuto\">\n<script type=\"application\/ld+json\" class=\"yoast-schema-graph\">{\"@context\":\"https:\/\/schema.org\",\"@graph\":[{\"@type\":\"WebSite\",\"@id\":\"https:\/\/ibagar.net\/#website\",\"url\":\"https:\/\/ibagar.net\/\",\"name\":\"Ibagar, Catering y Eventos\",\"description\":\"Restauraci\\u00f3n de alto nivel, sin\\u00f3nimo de tradici\\u00f3n, innovaci\\u00f3n, arte y prestigio. Estamos tan seguros porque llevamos 35 a\\u00f1os creando d\\u00edas y recuerdos especiales\",\"potentialAction\":[{\"@type\":\"SearchAction\",\"target\":\"https:\/\/ibagar.net\/?s={search_term_string}\",\"query-input\":\"required name=search_term_string\"}],\"inLanguage\":\"es\"},{\"@type\":\"ImageObject\",\"@id\":\"https:\/\/ibagar.net\/index.php\/restauracion-colectiva\/#primaryimage\",\"inLanguage\":\"es\",\"url\":\"http:\/\/ibagar.net\/wp-content\/uploads\/elementor\/thumbs\/restauracion-colectiva-1-oedp77tid7m0i98vvg9xdilqnm83czqllklrfh3vnk.jpg\"},{\"@type\":\"WebPage\",\"@id\":\"https:\/\/ibagar.net\/index.php\/restauracion-colectiva\/#webpage\",\"url\":\"https:\/\/ibagar.net\/index.php\/restauracion-colectiva\/\",\"name\":\"Restauraci\\u00f3n colectiva - Ibagar, Catering y Eventos\",\"isPartOf\":{\"@id\":\"https:\/\/ibagar.net\/#website\"},\"primaryImageOfPage\":{\"@id\":\"https:\/\/ibagar.net\/index.php\/restauracion-colectiva\/#primaryimage\"},\"datePublished\":\"2019-09-26T10:09:04+00:00\",\"dateModified\":\"2020-11-03T12:26:18+00:00\",\"inLanguage\":\"es\",\"potentialAction\":[{\"@type\":\"ReadAction\",\"target\":[\"https:\/\/ibagar.net\/index.php\/restauracion-colectiva\/\"]}]}]}<\/script>\n<!-- \/ Yoast SEO plugin. -->","_links":{"self":[{"href":"https:\/\/ibagar.net\/index.php\/wp-json\/wp\/v2\/pages\/7118"}],"collection":[{"href":"https:\/\/ibagar.net\/index.php\/wp-json\/wp\/v2\/pages"}],"about":[{"href":"https:\/\/ibagar.net\/index.php\/wp-json\/wp\/v2\/types\/page"}],"author":[{"embeddable":true,"href":"https:\/\/ibagar.net\/index.php\/wp-json\/wp\/v2\/users\/2"}],"replies":[{"embeddable":true,"href":"https:\/\/ibagar.net\/index.php\/wp-json\/wp\/v2\/comments?post=7118"}],"version-history":[{"count":34,"href":"https:\/\/ibagar.net\/index.php\/wp-json\/wp\/v2\/pages\/7118\/revisions"}],"predecessor-version":[{"id":8971,"href":"https:\/\/ibagar.net\/index.php\/wp-json\/wp\/v2\/pages\/7118\/revisions\/8971"}],"wp:attachment":[{"href":"https:\/\/ibagar.net\/index.php\/wp-json\/wp\/v2\/media?parent=7118"}],"curies":[{"name":"wp","href":"https:\/\/api.w.org\/{rel}","templated":true}]}}