{"id":8773,"date":"2020-08-05T12:46:31","date_gmt":"2020-08-05T10:46:31","guid":{"rendered":"http:\/\/ibagar.net\/?page_id=8773"},"modified":"2020-08-05T12:46:32","modified_gmt":"2020-08-05T10:46:32","slug":"politica-de-privacidad-formulario-de-contacto","status":"publish","type":"page","link":"https:\/\/ibagar.net\/index.php\/politica-de-privacidad-formulario-de-contacto\/","title":{"rendered":"Pol\u00edtica de privacidad &#8211; Formulario de contacto"},"content":{"rendered":"\n<p><strong>Ib\u00e1\u00f1ez y Garc\u00eda, S.L<\/strong> es el responsable del tratamiento de los datos personales del Usuario, por lo que se le facilita la siguiente informaci\u00f3n del tratamiento:<\/p>\n\n\n\n<ul><li>Fin del tratamiento:&nbsp;dar respuesta a las distintas consultas en relaci\u00f3n a nuestros servicios y productos.<\/li><li>Legitimaci\u00f3n: est\u00e1 basada en el consentimiento que se le solicita a trav\u00e9s de la correspondiente casilla de aceptaci\u00f3n.<\/li><li>Criterios de conservaci\u00f3n de los datos: se conservar\u00e1n mientras exista un inter\u00e9s mutuo para mantener el fin del tratamiento y cuando ya no sea necesario para tal fin, se suprimir\u00e1n con medidas de seguridad adecuadas para garantizar la seudonimizaci\u00f3n de los datos.<\/li><li>Destinatarios: no se ceder\u00e1n a ning\u00fan tercero.<\/li><li>Derechos que asisten al Usuario:<\/li><\/ul>\n\n\n\n<p>a)&nbsp; Derecho a retirar el consentimiento en cualquier momento. Derecho a oponerse y a la portabilidad de los datos personales. Derecho de acceso, rectificaci\u00f3n y supresi\u00f3n de sus datos y a la limitaci\u00f3n u oposici\u00f3n al su tratamiento.&nbsp;&nbsp;<\/p>\n\n\n\n<p>b) Derecho a presentar una reclamaci\u00f3n ante la Autoridad de control si no ha obtenido satisfacci\u00f3n en el ejercicio de sus derechos, en este caso, ante la Agencia Espa\u00f1ola de protecci\u00f3n de datos<\/p>\n\n\n\n<p>Puede ejercer estos derechos mediante el env\u00edo de un correo electr\u00f3nico o de correo postal, ambos con la fotocopia del DNI del titular, incorporada o anexada:<\/p>\n\n\n\n<p>Responsable del tratamiento<strong>:<\/strong><\/p>\n\n\n\n<ul><li>Direcci\u00f3n postal: PoI. San Cayetano. C\/ Espa\u00f1a N\u00ba 10<\/li><\/ul>\n\n\n\n<p>Churriana de la Vega, Granada.<\/p>\n\n\n\n<ul><li>Direcci\u00f3n electr\u00f3nica: <a href=\"mailto:info@ibagar.net\">info@ibagar.net<\/a><\/li><\/ul>\n\n\n\n<p>Si desea ampliar informaci\u00f3n sobre la pol\u00edtica de privacidad de nuestra empresa, puede hacerlo en el siguiente enlace: \u00a0<a href=\"http:\/\/ibagar.net\/politicadeprivacidad\"><a href=\"http:\/\/ibagar.net\/index.php\/politica-privacidad\/\">http:\/\/ibagar.net\/index.php\/politica-privacidad\/<\/a><\/a><\/p>\n","protected":false},"excerpt":{"rendered":"<p>Ib\u00e1\u00f1ez y Garc\u00eda, S.L es el responsable del tratamiento de los datos personales del Usuario, por lo que se le facilita la siguiente informaci\u00f3n del tratamiento: Fin del tratamiento:&nbsp;dar respuesta a las distintas consultas en relaci\u00f3n a nuestros servicios y productos. Legitimaci\u00f3n: est\u00e1 basada en el consentimiento que se le solicita a trav\u00e9s de la [&hellip;]<\/p>\n","protected":false},"author":8,"featured_media":0,"parent":0,"menu_order":0,"comment_status":"closed","ping_status":"closed","template":"","meta":[],"yoast_head":"<!-- This site is optimized with the Yoast SEO plugin v15.3 - https:\/\/yoast.com\/wordpress\/plugins\/seo\/ -->\n<title>Pol\u00edtica de privacidad - Formulario de contacto - Ibagar, Catering y Eventos<\/title>\n<meta name=\"robots\" content=\"index, follow, max-snippet:-1, max-image-preview:large, max-video-preview:-1\" \/>\n<link rel=\"canonical\" href=\"https:\/\/ibagar.net\/index.php\/politica-de-privacidad-formulario-de-contacto\/\" \/>\n<meta property=\"og:locale\" content=\"es_ES\" \/>\n<meta property=\"og:type\" content=\"article\" \/>\n<meta property=\"og:title\" content=\"Pol\u00edtica de privacidad - Formulario de contacto - Ibagar, Catering y Eventos\" \/>\n<meta property=\"og:description\" content=\"Ib\u00e1\u00f1ez y Garc\u00eda, S.L es el responsable del tratamiento de los datos personales del Usuario, por lo que se le facilita la siguiente informaci\u00f3n del tratamiento: Fin del tratamiento:&nbsp;dar respuesta a las distintas consultas en relaci\u00f3n a nuestros servicios y productos. Legitimaci\u00f3n: est\u00e1 basada en el consentimiento que se le solicita a trav\u00e9s de la [&hellip;]\" \/>\n<meta property=\"og:url\" content=\"https:\/\/ibagar.net\/index.php\/politica-de-privacidad-formulario-de-contacto\/\" \/>\n<meta property=\"og:site_name\" content=\"Ibagar, Catering y Eventos\" \/>\n<meta property=\"article:modified_time\" content=\"2020-08-05T10:46:32+00:00\" \/>\n<meta name=\"twitter:card\" content=\"summary_large_image\" \/>\n<meta name=\"twitter:label1\" content=\"Escrito por\">\n\t<meta name=\"twitter:data1\" content=\"Desir\u00e9\">\n\t<meta name=\"twitter:label2\" content=\"Tiempo de lectura\">\n\t<meta name=\"twitter:data2\" content=\"1 minuto\">\n<script type=\"application\/ld+json\" class=\"yoast-schema-graph\">{\"@context\":\"https:\/\/schema.org\",\"@graph\":[{\"@type\":\"WebSite\",\"@id\":\"https:\/\/ibagar.net\/#website\",\"url\":\"https:\/\/ibagar.net\/\",\"name\":\"Ibagar, Catering y Eventos\",\"description\":\"Restauraci\\u00f3n de alto nivel, sin\\u00f3nimo de tradici\\u00f3n, innovaci\\u00f3n, arte y prestigio. Estamos tan seguros porque llevamos 35 a\\u00f1os creando d\\u00edas y recuerdos especiales\",\"potentialAction\":[{\"@type\":\"SearchAction\",\"target\":\"https:\/\/ibagar.net\/?s={search_term_string}\",\"query-input\":\"required name=search_term_string\"}],\"inLanguage\":\"es\"},{\"@type\":\"WebPage\",\"@id\":\"https:\/\/ibagar.net\/index.php\/politica-de-privacidad-formulario-de-contacto\/#webpage\",\"url\":\"https:\/\/ibagar.net\/index.php\/politica-de-privacidad-formulario-de-contacto\/\",\"name\":\"Pol\\u00edtica de privacidad - Formulario de contacto - Ibagar, Catering y Eventos\",\"isPartOf\":{\"@id\":\"https:\/\/ibagar.net\/#website\"},\"datePublished\":\"2020-08-05T10:46:31+00:00\",\"dateModified\":\"2020-08-05T10:46:32+00:00\",\"inLanguage\":\"es\",\"potentialAction\":[{\"@type\":\"ReadAction\",\"target\":[\"https:\/\/ibagar.net\/index.php\/politica-de-privacidad-formulario-de-contacto\/\"]}]}]}<\/script>\n<!-- \/ Yoast SEO plugin. -->","_links":{"self":[{"href":"https:\/\/ibagar.net\/index.php\/wp-json\/wp\/v2\/pages\/8773"}],"collection":[{"href":"https:\/\/ibagar.net\/index.php\/wp-json\/wp\/v2\/pages"}],"about":[{"href":"https:\/\/ibagar.net\/index.php\/wp-json\/wp\/v2\/types\/page"}],"author":[{"embeddable":true,"href":"https:\/\/ibagar.net\/index.php\/wp-json\/wp\/v2\/users\/8"}],"replies":[{"embeddable":true,"href":"https:\/\/ibagar.net\/index.php\/wp-json\/wp\/v2\/comments?post=8773"}],"version-history":[{"count":1,"href":"https:\/\/ibagar.net\/index.php\/wp-json\/wp\/v2\/pages\/8773\/revisions"}],"predecessor-version":[{"id":8774,"href":"https:\/\/ibagar.net\/index.php\/wp-json\/wp\/v2\/pages\/8773\/revisions\/8774"}],"wp:attachment":[{"href":"https:\/\/ibagar.net\/index.php\/wp-json\/wp\/v2\/media?parent=8773"}],"curies":[{"name":"wp","href":"https:\/\/api.w.org\/{rel}","templated":true}]}}