{"id":9213,"date":"2021-01-25T12:48:15","date_gmt":"2021-01-25T11:48:15","guid":{"rendered":"http:\/\/ibagar.net\/?page_id=9213"},"modified":"2021-01-25T13:06:01","modified_gmt":"2021-01-25T12:06:01","slug":"preguntas-frecuentes","status":"publish","type":"page","link":"https:\/\/ibagar.net\/index.php\/preguntas-frecuentes\/","title":{"rendered":"Preguntas Frecuentes"},"content":{"rendered":"\t\t<div data-elementor-type=\"wp-page\" data-elementor-id=\"9213\" class=\"elementor elementor-9213\" data-elementor-settings=\"[]\">\n\t\t\t\t\t\t<div class=\"elementor-inner\">\n\t\t\t\t\t\t\t<div class=\"elementor-section-wrap\">\n\t\t\t\t\t\t\t<section class=\"elementor-section elementor-top-section elementor-element elementor-element-7fd94ed elementor-section-boxed elementor-section-height-default elementor-section-height-default default-style\" data-id=\"7fd94ed\" data-element_type=\"section\" data-settings=\"{&quot;rt_color_sets&quot;:&quot;default-style&quot;}\">\n\t\t\t\t\t\t<div class=\"elementor-container elementor-column-gap-default\">\n\t\t\t\t\t\t\t<div class=\"elementor-row\">\n\t\t\t\t\t<div class=\"elementor-column elementor-col-100 elementor-top-column elementor-element elementor-element-7bca1cc\" data-id=\"7bca1cc\" data-element_type=\"column\">\n\t\t\t<div class=\"elementor-column-wrap elementor-element-populated\">\n\t\t\t\t\t\t\t<div class=\"elementor-widget-wrap\">\n\t\t\t\t\t\t<div class=\"elementor-element elementor-element-23b7064 elementor-widget elementor-widget-spacer\" data-id=\"23b7064\" data-element_type=\"widget\" data-widget_type=\"spacer.default\">\n\t\t\t\t<div class=\"elementor-widget-container\">\n\t\t\t\t\t<div class=\"elementor-spacer\">\n\t\t\t<div class=\"elementor-spacer-inner\"><\/div>\n\t\t<\/div>\n\t\t\t\t<\/div>\n\t\t\t\t<\/div>\n\t\t\t\t\t\t<\/div>\n\t\t\t\t\t<\/div>\n\t\t<\/div>\n\t\t\t\t\t\t\t\t<\/div>\n\t\t\t\t\t<\/div>\n\t\t<\/section>\n\t\t\t\t<section class=\"elementor-section elementor-top-section elementor-element elementor-element-75c5cec elementor-section-boxed elementor-section-height-default elementor-section-height-default default-style\" data-id=\"75c5cec\" data-element_type=\"section\" data-settings=\"{&quot;rt_color_sets&quot;:&quot;default-style&quot;}\">\n\t\t\t\t\t\t<div class=\"elementor-container elementor-column-gap-default\">\n\t\t\t\t\t\t\t<div class=\"elementor-row\">\n\t\t\t\t\t<div class=\"elementor-column elementor-col-100 elementor-top-column elementor-element elementor-element-67e5d63\" data-id=\"67e5d63\" data-element_type=\"column\">\n\t\t\t<div class=\"elementor-column-wrap elementor-element-populated\">\n\t\t\t\t\t\t\t<div class=\"elementor-widget-wrap\">\n\t\t\t\t\t\t<div class=\"elementor-element elementor-element-8af227a elementor-widget elementor-widget-heading\" data-id=\"8af227a\" data-element_type=\"widget\" data-widget_type=\"heading.default\">\n\t\t\t\t<div class=\"elementor-widget-container\">\n\t\t\t<h2 class=\"elementor-heading-title elementor-size-default\">\u00bfC\u00f3mo podemos ayudarte?<\/h2>\t\t<\/div>\n\t\t\t\t<\/div>\n\t\t\t\t\t\t<\/div>\n\t\t\t\t\t<\/div>\n\t\t<\/div>\n\t\t\t\t\t\t\t\t<\/div>\n\t\t\t\t\t<\/div>\n\t\t<\/section>\n\t\t\t\t<section class=\"elementor-section elementor-top-section elementor-element elementor-element-83caec5 elementor-section-boxed elementor-section-height-default elementor-section-height-default default-style\" data-id=\"83caec5\" data-element_type=\"section\" data-settings=\"{&quot;rt_color_sets&quot;:&quot;default-style&quot;}\">\n\t\t\t\t\t\t<div class=\"elementor-container elementor-column-gap-default\">\n\t\t\t\t\t\t\t<div class=\"elementor-row\">\n\t\t\t\t\t<div class=\"elementor-column elementor-col-100 elementor-top-column elementor-element elementor-element-eae3c9c\" data-id=\"eae3c9c\" data-element_type=\"column\">\n\t\t\t<div class=\"elementor-column-wrap elementor-element-populated\">\n\t\t\t\t\t\t\t<div class=\"elementor-widget-wrap\">\n\t\t\t\t\t\t<div class=\"elementor-element elementor-element-2202789 elementor-widget-divider--view-line elementor-widget elementor-widget-divider\" data-id=\"2202789\" data-element_type=\"widget\" data-widget_type=\"divider.default\">\n\t\t\t\t<div class=\"elementor-widget-container\">\n\t\t\t\t\t<div class=\"elementor-divider\">\n\t\t\t<span class=\"elementor-divider-separator\">\n\t\t\t\t\t\t<\/span>\n\t\t<\/div>\n\t\t\t\t<\/div>\n\t\t\t\t<\/div>\n\t\t\t\t\t\t<\/div>\n\t\t\t\t\t<\/div>\n\t\t<\/div>\n\t\t\t\t\t\t\t\t<\/div>\n\t\t\t\t\t<\/div>\n\t\t<\/section>\n\t\t\t\t<section class=\"elementor-section elementor-top-section elementor-element elementor-element-74edbf7 elementor-section-boxed elementor-section-height-default elementor-section-height-default default-style\" data-id=\"74edbf7\" data-element_type=\"section\" data-settings=\"{&quot;rt_color_sets&quot;:&quot;default-style&quot;}\">\n\t\t\t\t\t\t<div class=\"elementor-container elementor-column-gap-default\">\n\t\t\t\t\t\t\t<div class=\"elementor-row\">\n\t\t\t\t\t<div class=\"elementor-column elementor-col-25 elementor-top-column elementor-element elementor-element-8ee479b\" data-id=\"8ee479b\" data-element_type=\"column\">\n\t\t\t<div class=\"elementor-column-wrap elementor-element-populated\">\n\t\t\t\t\t\t\t<div class=\"elementor-widget-wrap\">\n\t\t\t\t\t\t<div class=\"elementor-element elementor-element-06dddf4 elementor-position-top elementor-vertical-align-top elementor-widget elementor-widget-image-box\" data-id=\"06dddf4\" data-element_type=\"widget\" data-widget_type=\"image-box.default\">\n\t\t\t\t<div class=\"elementor-widget-container\">\n\t\t\t<div class=\"elementor-image-box-wrapper\"><figure class=\"elementor-image-box-img\"><a href=\"http:\/\/ibagar.net\/index.php\/como-funciona\/\"><img width=\"512\" height=\"512\" src=\"https:\/\/ibagar.net\/wp-content\/uploads\/2021\/01\/041-order-food-1.png\" class=\"attachment-full size-full\" alt=\"\" loading=\"lazy\" srcset=\"https:\/\/ibagar.net\/wp-content\/uploads\/2021\/01\/041-order-food-1.png 512w, https:\/\/ibagar.net\/wp-content\/uploads\/2021\/01\/041-order-food-1-300x300.png 300w, https:\/\/ibagar.net\/wp-content\/uploads\/2021\/01\/041-order-food-1-150x150.png 150w, https:\/\/ibagar.net\/wp-content\/uploads\/2021\/01\/041-order-food-1-256x256.png 256w, https:\/\/ibagar.net\/wp-content\/uploads\/2021\/01\/041-order-food-1-393x393.png 393w, https:\/\/ibagar.net\/wp-content\/uploads\/2021\/01\/041-order-food-1-290x290.png 290w, https:\/\/ibagar.net\/wp-content\/uploads\/2021\/01\/041-order-food-1-100x100.png 100w\" sizes=\"(max-width: 512px) 100vw, 512px\" \/><\/a><\/figure><div class=\"elementor-image-box-content\"><h3 class=\"elementor-image-box-title\"><a href=\"http:\/\/ibagar.net\/index.php\/como-funciona\/\">C\u00f3mo funciona<\/a><\/h3><\/div><\/div>\t\t<\/div>\n\t\t\t\t<\/div>\n\t\t\t\t\t\t<\/div>\n\t\t\t\t\t<\/div>\n\t\t<\/div>\n\t\t\t\t<div class=\"elementor-column elementor-col-25 elementor-top-column elementor-element elementor-element-c95cb06\" data-id=\"c95cb06\" data-element_type=\"column\">\n\t\t\t<div class=\"elementor-column-wrap elementor-element-populated\">\n\t\t\t\t\t\t\t<div class=\"elementor-widget-wrap\">\n\t\t\t\t\t\t<div class=\"elementor-element elementor-element-188e1d5 elementor-position-top elementor-vertical-align-top elementor-widget elementor-widget-image-box\" data-id=\"188e1d5\" data-element_type=\"widget\" data-widget_type=\"image-box.default\">\n\t\t\t\t<div class=\"elementor-widget-container\">\n\t\t\t<div class=\"elementor-image-box-wrapper\"><figure class=\"elementor-image-box-img\"><a href=\"http:\/\/ibagar.net\/index.php\/elaboracion\/\"><img width=\"512\" height=\"512\" src=\"https:\/\/ibagar.net\/wp-content\/uploads\/2021\/01\/044-tray.png\" class=\"attachment-full size-full\" alt=\"\" loading=\"lazy\" srcset=\"https:\/\/ibagar.net\/wp-content\/uploads\/2021\/01\/044-tray.png 512w, https:\/\/ibagar.net\/wp-content\/uploads\/2021\/01\/044-tray-300x300.png 300w, https:\/\/ibagar.net\/wp-content\/uploads\/2021\/01\/044-tray-150x150.png 150w, https:\/\/ibagar.net\/wp-content\/uploads\/2021\/01\/044-tray-256x256.png 256w, https:\/\/ibagar.net\/wp-content\/uploads\/2021\/01\/044-tray-393x393.png 393w, https:\/\/ibagar.net\/wp-content\/uploads\/2021\/01\/044-tray-290x290.png 290w, https:\/\/ibagar.net\/wp-content\/uploads\/2021\/01\/044-tray-100x100.png 100w\" sizes=\"(max-width: 512px) 100vw, 512px\" \/><\/a><\/figure><div class=\"elementor-image-box-content\"><h3 class=\"elementor-image-box-title\"><a href=\"http:\/\/ibagar.net\/index.php\/elaboracion\/\">Elaboraci\u00f3n<\/a><\/h3><\/div><\/div>\t\t<\/div>\n\t\t\t\t<\/div>\n\t\t\t\t\t\t<\/div>\n\t\t\t\t\t<\/div>\n\t\t<\/div>\n\t\t\t\t<div class=\"elementor-column elementor-col-25 elementor-top-column elementor-element elementor-element-10d6eca\" data-id=\"10d6eca\" data-element_type=\"column\">\n\t\t\t<div class=\"elementor-column-wrap elementor-element-populated\">\n\t\t\t\t\t\t\t<div class=\"elementor-widget-wrap\">\n\t\t\t\t\t\t<div class=\"elementor-element elementor-element-d4e9fb9 elementor-position-top elementor-vertical-align-top elementor-widget elementor-widget-image-box\" data-id=\"d4e9fb9\" data-element_type=\"widget\" data-widget_type=\"image-box.default\">\n\t\t\t\t<div class=\"elementor-widget-container\">\n\t\t\t<div class=\"elementor-image-box-wrapper\"><figure class=\"elementor-image-box-img\"><a href=\"http:\/\/ibagar.net\/index.php\/pago\/\"><img width=\"512\" height=\"512\" src=\"https:\/\/ibagar.net\/wp-content\/uploads\/2021\/01\/035-credit-card.png\" class=\"attachment-full size-full\" alt=\"\" loading=\"lazy\" srcset=\"https:\/\/ibagar.net\/wp-content\/uploads\/2021\/01\/035-credit-card.png 512w, https:\/\/ibagar.net\/wp-content\/uploads\/2021\/01\/035-credit-card-300x300.png 300w, https:\/\/ibagar.net\/wp-content\/uploads\/2021\/01\/035-credit-card-150x150.png 150w, https:\/\/ibagar.net\/wp-content\/uploads\/2021\/01\/035-credit-card-256x256.png 256w, https:\/\/ibagar.net\/wp-content\/uploads\/2021\/01\/035-credit-card-393x393.png 393w, https:\/\/ibagar.net\/wp-content\/uploads\/2021\/01\/035-credit-card-290x290.png 290w, https:\/\/ibagar.net\/wp-content\/uploads\/2021\/01\/035-credit-card-100x100.png 100w\" sizes=\"(max-width: 512px) 100vw, 512px\" \/><\/a><\/figure><div class=\"elementor-image-box-content\"><h3 class=\"elementor-image-box-title\"><a href=\"http:\/\/ibagar.net\/index.php\/pago\/\">Pago<\/a><\/h3><\/div><\/div>\t\t<\/div>\n\t\t\t\t<\/div>\n\t\t\t\t\t\t<\/div>\n\t\t\t\t\t<\/div>\n\t\t<\/div>\n\t\t\t\t<div class=\"elementor-column elementor-col-25 elementor-top-column elementor-element elementor-element-b37fa2d\" data-id=\"b37fa2d\" data-element_type=\"column\">\n\t\t\t<div class=\"elementor-column-wrap elementor-element-populated\">\n\t\t\t\t\t\t\t<div class=\"elementor-widget-wrap\">\n\t\t\t\t\t\t<div class=\"elementor-element elementor-element-74e4c17 elementor-position-top elementor-vertical-align-top elementor-widget elementor-widget-image-box\" data-id=\"74e4c17\" data-element_type=\"widget\" data-widget_type=\"image-box.default\">\n\t\t\t\t<div class=\"elementor-widget-container\">\n\t\t\t<div class=\"elementor-image-box-wrapper\"><figure class=\"elementor-image-box-img\"><a href=\"http:\/\/ibagar.net\/index.php\/pedidos-envios\/\"><img width=\"512\" height=\"512\" src=\"https:\/\/ibagar.net\/wp-content\/uploads\/2021\/01\/029-food-truck.png\" class=\"attachment-full size-full\" alt=\"\" loading=\"lazy\" srcset=\"https:\/\/ibagar.net\/wp-content\/uploads\/2021\/01\/029-food-truck.png 512w, https:\/\/ibagar.net\/wp-content\/uploads\/2021\/01\/029-food-truck-300x300.png 300w, https:\/\/ibagar.net\/wp-content\/uploads\/2021\/01\/029-food-truck-150x150.png 150w, https:\/\/ibagar.net\/wp-content\/uploads\/2021\/01\/029-food-truck-256x256.png 256w, https:\/\/ibagar.net\/wp-content\/uploads\/2021\/01\/029-food-truck-393x393.png 393w, https:\/\/ibagar.net\/wp-content\/uploads\/2021\/01\/029-food-truck-290x290.png 290w, https:\/\/ibagar.net\/wp-content\/uploads\/2021\/01\/029-food-truck-100x100.png 100w\" sizes=\"(max-width: 512px) 100vw, 512px\" \/><\/a><\/figure><div class=\"elementor-image-box-content\"><h3 class=\"elementor-image-box-title\"><a href=\"http:\/\/ibagar.net\/index.php\/pedidos-envios\/\">Pedidos\/Env\u00edos<\/a><\/h3><\/div><\/div>\t\t<\/div>\n\t\t\t\t<\/div>\n\t\t\t\t\t\t<\/div>\n\t\t\t\t\t<\/div>\n\t\t<\/div>\n\t\t\t\t\t\t\t\t<\/div>\n\t\t\t\t\t<\/div>\n\t\t<\/section>\n\t\t\t\t<section class=\"elementor-section elementor-top-section elementor-element elementor-element-54a2e98 elementor-section-boxed elementor-section-height-default elementor-section-height-default default-style\" data-id=\"54a2e98\" data-element_type=\"section\" data-settings=\"{&quot;rt_color_sets&quot;:&quot;default-style&quot;}\">\n\t\t\t\t\t\t<div class=\"elementor-container elementor-column-gap-default\">\n\t\t\t\t\t\t\t<div class=\"elementor-row\">\n\t\t\t\t\t<div class=\"elementor-column elementor-col-100 elementor-top-column elementor-element elementor-element-fd340cf\" data-id=\"fd340cf\" data-element_type=\"column\">\n\t\t\t<div class=\"elementor-column-wrap elementor-element-populated\">\n\t\t\t\t\t\t\t<div class=\"elementor-widget-wrap\">\n\t\t\t\t\t\t<div class=\"elementor-element elementor-element-c49532d elementor-widget elementor-widget-text-editor\" data-id=\"c49532d\" data-element_type=\"widget\" data-widget_type=\"text-editor.default\">\n\t\t\t\t<div class=\"elementor-widget-container\">\n\t\t\t\t\t<div class=\"elementor-text-editor elementor-clearfix\"><p>Selecciona la categor\u00eda que quieras e inf\u00f3rmate de todo. Sino siempre puedes contactar con nosotros en <a href=\"mailto:info@ibagar.com\">info@ibagar.com<\/a> o en el <a href=\"tel:958522080\">958 522 080<\/a><\/p><\/div>\n\t\t\t\t<\/div>\n\t\t\t\t<\/div>\n\t\t\t\t\t\t<\/div>\n\t\t\t\t\t<\/div>\n\t\t<\/div>\n\t\t\t\t\t\t\t\t<\/div>\n\t\t\t\t\t<\/div>\n\t\t<\/section>\n\t\t\t\t<section class=\"elementor-section elementor-top-section elementor-element elementor-element-6690eea elementor-section-boxed elementor-section-height-default elementor-section-height-default default-style\" data-id=\"6690eea\" data-element_type=\"section\" data-settings=\"{&quot;rt_color_sets&quot;:&quot;default-style&quot;}\">\n\t\t\t\t\t\t<div class=\"elementor-container elementor-column-gap-default\">\n\t\t\t\t\t\t\t<div class=\"elementor-row\">\n\t\t\t\t\t<div class=\"elementor-column elementor-col-100 elementor-top-column elementor-element elementor-element-fd44454\" data-id=\"fd44454\" data-element_type=\"column\">\n\t\t\t<div class=\"elementor-column-wrap elementor-element-populated\">\n\t\t\t\t\t\t\t<div class=\"elementor-widget-wrap\">\n\t\t\t\t\t\t<div class=\"elementor-element elementor-element-3892234 elementor-widget elementor-widget-spacer\" data-id=\"3892234\" data-element_type=\"widget\" data-widget_type=\"spacer.default\">\n\t\t\t\t<div class=\"elementor-widget-container\">\n\t\t\t\t\t<div class=\"elementor-spacer\">\n\t\t\t<div class=\"elementor-spacer-inner\"><\/div>\n\t\t<\/div>\n\t\t\t\t<\/div>\n\t\t\t\t<\/div>\n\t\t\t\t\t\t<\/div>\n\t\t\t\t\t<\/div>\n\t\t<\/div>\n\t\t\t\t\t\t\t\t<\/div>\n\t\t\t\t\t<\/div>\n\t\t<\/section>\n\t\t\t\t<section class=\"elementor-section elementor-top-section elementor-element elementor-element-41fa770 elementor-section-boxed elementor-section-height-default elementor-section-height-default default-style\" data-id=\"41fa770\" data-element_type=\"section\" data-settings=\"{&quot;rt_color_sets&quot;:&quot;default-style&quot;}\">\n\t\t\t\t\t\t<div class=\"elementor-container elementor-column-gap-default\">\n\t\t\t\t\t\t\t<div class=\"elementor-row\">\n\t\t\t\t\t<div class=\"elementor-column elementor-col-100 elementor-top-column elementor-element elementor-element-60e8aa3\" data-id=\"60e8aa3\" data-element_type=\"column\">\n\t\t\t<div class=\"elementor-column-wrap elementor-element-populated\">\n\t\t\t\t\t\t\t<div class=\"elementor-widget-wrap\">\n\t\t\t\t\t\t<div class=\"elementor-element elementor-element-8907835 elementor-widget elementor-widget-spacer\" data-id=\"8907835\" data-element_type=\"widget\" data-widget_type=\"spacer.default\">\n\t\t\t\t<div class=\"elementor-widget-container\">\n\t\t\t\t\t<div class=\"elementor-spacer\">\n\t\t\t<div class=\"elementor-spacer-inner\"><\/div>\n\t\t<\/div>\n\t\t\t\t<\/div>\n\t\t\t\t<\/div>\n\t\t\t\t\t\t<\/div>\n\t\t\t\t\t<\/div>\n\t\t<\/div>\n\t\t\t\t\t\t\t\t<\/div>\n\t\t\t\t\t<\/div>\n\t\t<\/section>\n\t\t\t\t\t\t<\/div>\n\t\t\t\t\t\t<\/div>\n\t\t\t\t\t<\/div>\n\t\t","protected":false},"excerpt":{"rendered":"<p>\u00bfC\u00f3mo podemos ayudarte? C\u00f3mo funciona Elaboraci\u00f3n Pago Pedidos\/Env\u00edos Selecciona la categor\u00eda que quieras e inf\u00f3rmate de todo. Sino siempre puedes contactar con nosotros en info@ibagar.com o en el 958 522 080<\/p>\n","protected":false},"author":5,"featured_media":0,"parent":0,"menu_order":0,"comment_status":"closed","ping_status":"closed","template":"","meta":[],"yoast_head":"<!-- This site is optimized with the Yoast SEO plugin v15.3 - https:\/\/yoast.com\/wordpress\/plugins\/seo\/ -->\n<title>Preguntas Frecuentes - Ibagar, Catering y Eventos<\/title>\n<meta name=\"robots\" content=\"index, follow, max-snippet:-1, max-image-preview:large, max-video-preview:-1\" \/>\n<link rel=\"canonical\" href=\"https:\/\/ibagar.net\/index.php\/preguntas-frecuentes\/\" \/>\n<meta property=\"og:locale\" content=\"es_ES\" \/>\n<meta property=\"og:type\" content=\"article\" \/>\n<meta property=\"og:title\" content=\"Preguntas Frecuentes - Ibagar, Catering y Eventos\" \/>\n<meta property=\"og:description\" content=\"\u00bfC\u00f3mo podemos ayudarte? C\u00f3mo funciona Elaboraci\u00f3n Pago Pedidos\/Env\u00edos Selecciona la categor\u00eda que quieras e inf\u00f3rmate de todo. Sino siempre puedes contactar con nosotros en info@ibagar.com o en el 958 522 080\" \/>\n<meta property=\"og:url\" content=\"https:\/\/ibagar.net\/index.php\/preguntas-frecuentes\/\" \/>\n<meta property=\"og:site_name\" content=\"Ibagar, Catering y Eventos\" \/>\n<meta property=\"article:modified_time\" content=\"2021-01-25T12:06:01+00:00\" \/>\n<meta property=\"og:image\" content=\"http:\/\/ibagar.net\/wp-content\/uploads\/2021\/01\/041-order-food-1.png\" \/>\n<meta name=\"twitter:card\" content=\"summary_large_image\" \/>\n<meta name=\"twitter:label1\" content=\"Escrito por\">\n\t<meta name=\"twitter:data1\" content=\"Paula\">\n\t<meta name=\"twitter:label2\" content=\"Tiempo de lectura\">\n\t<meta name=\"twitter:data2\" content=\"0 minutos\">\n<script type=\"application\/ld+json\" class=\"yoast-schema-graph\">{\"@context\":\"https:\/\/schema.org\",\"@graph\":[{\"@type\":\"WebSite\",\"@id\":\"https:\/\/ibagar.net\/#website\",\"url\":\"https:\/\/ibagar.net\/\",\"name\":\"Ibagar, Catering y Eventos\",\"description\":\"Restauraci\\u00f3n de alto nivel, sin\\u00f3nimo de tradici\\u00f3n, innovaci\\u00f3n, arte y prestigio. Estamos tan seguros porque llevamos 35 a\\u00f1os creando d\\u00edas y recuerdos especiales\",\"potentialAction\":[{\"@type\":\"SearchAction\",\"target\":\"https:\/\/ibagar.net\/?s={search_term_string}\",\"query-input\":\"required name=search_term_string\"}],\"inLanguage\":\"es\"},{\"@type\":\"ImageObject\",\"@id\":\"https:\/\/ibagar.net\/index.php\/preguntas-frecuentes\/#primaryimage\",\"inLanguage\":\"es\",\"url\":\"http:\/\/ibagar.net\/wp-content\/uploads\/2021\/01\/041-order-food-1.png\"},{\"@type\":\"WebPage\",\"@id\":\"https:\/\/ibagar.net\/index.php\/preguntas-frecuentes\/#webpage\",\"url\":\"https:\/\/ibagar.net\/index.php\/preguntas-frecuentes\/\",\"name\":\"Preguntas Frecuentes - Ibagar, Catering y Eventos\",\"isPartOf\":{\"@id\":\"https:\/\/ibagar.net\/#website\"},\"primaryImageOfPage\":{\"@id\":\"https:\/\/ibagar.net\/index.php\/preguntas-frecuentes\/#primaryimage\"},\"datePublished\":\"2021-01-25T11:48:15+00:00\",\"dateModified\":\"2021-01-25T12:06:01+00:00\",\"inLanguage\":\"es\",\"potentialAction\":[{\"@type\":\"ReadAction\",\"target\":[\"https:\/\/ibagar.net\/index.php\/preguntas-frecuentes\/\"]}]}]}<\/script>\n<!-- \/ Yoast SEO plugin. -->","_links":{"self":[{"href":"https:\/\/ibagar.net\/index.php\/wp-json\/wp\/v2\/pages\/9213"}],"collection":[{"href":"https:\/\/ibagar.net\/index.php\/wp-json\/wp\/v2\/pages"}],"about":[{"href":"https:\/\/ibagar.net\/index.php\/wp-json\/wp\/v2\/types\/page"}],"author":[{"embeddable":true,"href":"https:\/\/ibagar.net\/index.php\/wp-json\/wp\/v2\/users\/5"}],"replies":[{"embeddable":true,"href":"https:\/\/ibagar.net\/index.php\/wp-json\/wp\/v2\/comments?post=9213"}],"version-history":[{"count":10,"href":"https:\/\/ibagar.net\/index.php\/wp-json\/wp\/v2\/pages\/9213\/revisions"}],"predecessor-version":[{"id":9264,"href":"https:\/\/ibagar.net\/index.php\/wp-json\/wp\/v2\/pages\/9213\/revisions\/9264"}],"wp:attachment":[{"href":"https:\/\/ibagar.net\/index.php\/wp-json\/wp\/v2\/media?parent=9213"}],"curies":[{"name":"wp","href":"https:\/\/api.w.org\/{rel}","templated":true}]}}