{"id":9223,"date":"2021-01-25T12:56:14","date_gmt":"2021-01-25T11:56:14","guid":{"rendered":"http:\/\/ibagar.net\/?page_id=9223"},"modified":"2021-01-25T12:56:20","modified_gmt":"2021-01-25T11:56:20","slug":"como-funciona","status":"publish","type":"page","link":"https:\/\/ibagar.net\/index.php\/como-funciona\/","title":{"rendered":"C\u00f3mo funciona"},"content":{"rendered":"\t\t<div data-elementor-type=\"wp-page\" data-elementor-id=\"9223\" class=\"elementor elementor-9223\" data-elementor-settings=\"[]\">\n\t\t\t\t\t\t<div class=\"elementor-inner\">\n\t\t\t\t\t\t\t<div class=\"elementor-section-wrap\">\n\t\t\t\t\t\t\t<section class=\"elementor-section elementor-top-section elementor-element elementor-element-cbbeb40 elementor-section-boxed elementor-section-height-default elementor-section-height-default default-style\" data-id=\"cbbeb40\" data-element_type=\"section\" data-settings=\"{&quot;rt_color_sets&quot;:&quot;default-style&quot;}\">\n\t\t\t\t\t\t<div class=\"elementor-container elementor-column-gap-default\">\n\t\t\t\t\t\t\t<div class=\"elementor-row\">\n\t\t\t\t\t<div class=\"elementor-column elementor-col-100 elementor-top-column elementor-element elementor-element-bdf7669\" data-id=\"bdf7669\" data-element_type=\"column\">\n\t\t\t<div class=\"elementor-column-wrap elementor-element-populated\">\n\t\t\t\t\t\t\t<div class=\"elementor-widget-wrap\">\n\t\t\t\t\t\t<div class=\"elementor-element elementor-element-b1ab098 elementor-widget elementor-widget-spacer\" data-id=\"b1ab098\" data-element_type=\"widget\" data-widget_type=\"spacer.default\">\n\t\t\t\t<div class=\"elementor-widget-container\">\n\t\t\t\t\t<div class=\"elementor-spacer\">\n\t\t\t<div class=\"elementor-spacer-inner\"><\/div>\n\t\t<\/div>\n\t\t\t\t<\/div>\n\t\t\t\t<\/div>\n\t\t\t\t\t\t<\/div>\n\t\t\t\t\t<\/div>\n\t\t<\/div>\n\t\t\t\t\t\t\t\t<\/div>\n\t\t\t\t\t<\/div>\n\t\t<\/section>\n\t\t\t\t<section class=\"elementor-section elementor-top-section elementor-element elementor-element-e40b99d elementor-section-boxed elementor-section-height-default elementor-section-height-default default-style\" data-id=\"e40b99d\" data-element_type=\"section\" data-settings=\"{&quot;rt_color_sets&quot;:&quot;default-style&quot;}\">\n\t\t\t\t\t\t<div class=\"elementor-container elementor-column-gap-default\">\n\t\t\t\t\t\t\t<div class=\"elementor-row\">\n\t\t\t\t\t<div class=\"elementor-column elementor-col-100 elementor-top-column elementor-element elementor-element-3e0eb4d\" data-id=\"3e0eb4d\" data-element_type=\"column\">\n\t\t\t<div class=\"elementor-column-wrap elementor-element-populated\">\n\t\t\t\t\t\t\t<div class=\"elementor-widget-wrap\">\n\t\t\t\t\t\t<div class=\"elementor-element elementor-element-9d522a8 elementor-widget elementor-widget-text-editor\" data-id=\"9d522a8\" data-element_type=\"widget\" data-widget_type=\"text-editor.default\">\n\t\t\t\t<div class=\"elementor-widget-container\">\n\t\t\t\t\t<div class=\"elementor-text-editor elementor-clearfix\"><h4><strong>\u00bfC\u00f3mo funciona? \u00bfC\u00f3mo tengo que hacer mi pedido?<\/strong><\/h4><p>Cambiamos la carta cada semana y tienes el mismo tiempo de margen para hacer tu pedido. Puedes confeccionar un men\u00fa completo compuesto de dos platos con 10 opciones en cada uno.<\/p><h4><strong>\u00bfCu\u00e1ndo recibir\u00e9 mi pedido? \u00bfQu\u00e9 es exactamente lo que voy a recibir?<\/strong><\/h4><p>Recibir\u00e1s tu pedido a los 7 d\u00edas de realizar la compra. La entrega se dividir\u00e1 en dos d\u00edas.<\/p><h4><strong>\u00bfHay pedido m\u00ednimo?<\/strong><\/h4><p>El pedido m\u00ednimo a realizar es de una semana.<\/p><h4><strong>\u00bfSon men\u00fas diarios?<\/strong><\/h4><p>S\u00ed, nuestros men\u00fas se componen de primero y segundo que podr\u00e1s elegir a tu gusto. Podr\u00e1s confeccionar tu men\u00fa semanal, compuesto de dos platos con 10 opciones en cada uno. \u00bfNo es genial?<\/p><h4><strong>\u00bfCu\u00e1les son los gastos de env\u00edo?<\/strong><\/h4><p>Inicialmente nuestros gastos de env\u00edo son totalmente GRATUITOS ya que nuestra \u00e1rea de acci\u00f3n se limitar\u00e1 a Granada y \u00e1rea metropolitana. Igualmente puedes informarte llamando al 958 522 080 o escribi\u00e9ndonos a info@ibagar.com.<\/p><p>Tenemos en cuenta avanzar y hacer llegar nuestros platos a todo el territorio nacional, trabajamos duro en nuestro sistema log\u00edstico para conseguirlo lo antes posible.<\/p><h4><strong>\u00bfC\u00f3mo me doy de baja?<\/strong><\/h4><p><strong>\u00a0<\/strong><\/p><h4><strong>\u00bfQu\u00e9 tengo que hacer para colaborar con vosotros?<\/strong><\/h4><p>Si est\u00e1s intereso\/a en colaborar con nosotros s\u00f3lo tienes que escribirnos a <a href=\"mailto:marketing@ibagar.com\">marketing@ibagar.com<\/a> y contarnos tu propuesta. \u00a1Animate!<\/p><h4><strong>\u00bfPuedo hacer mi pedido sin estar registrado en la p\u00e1gina?<\/strong><\/h4><h4><strong>\u00bfPuedo hacer mi pedido por tel\u00e9fono?<\/strong><\/h4><h4><strong>\u00bfC\u00f3mo utilizo los c\u00f3digos de descuento?<\/strong><\/h4><p>Es muy sencillo, cuando llegues a la ventana de pago encontrar\u00e1s una casilla para ingresar dicho c\u00f3digo, lo ingresas, haces click en \u201caplicar\u201d y listo.<\/p><\/div>\n\t\t\t\t<\/div>\n\t\t\t\t<\/div>\n\t\t\t\t\t\t<\/div>\n\t\t\t\t\t<\/div>\n\t\t<\/div>\n\t\t\t\t\t\t\t\t<\/div>\n\t\t\t\t\t<\/div>\n\t\t<\/section>\n\t\t\t\t\t\t<\/div>\n\t\t\t\t\t\t<\/div>\n\t\t\t\t\t<\/div>\n\t\t","protected":false},"excerpt":{"rendered":"<p>\u00bfC\u00f3mo funciona? \u00bfC\u00f3mo tengo que hacer mi pedido? Cambiamos la carta cada semana y tienes el mismo tiempo de margen para hacer tu pedido. Puedes confeccionar un men\u00fa completo compuesto de dos platos con 10 opciones en cada uno. \u00bfCu\u00e1ndo recibir\u00e9 mi pedido? \u00bfQu\u00e9 es exactamente lo que voy a recibir? Recibir\u00e1s tu pedido a [&hellip;]<\/p>\n","protected":false},"author":5,"featured_media":0,"parent":0,"menu_order":0,"comment_status":"closed","ping_status":"closed","template":"","meta":[],"yoast_head":"<!-- This site is optimized with the Yoast SEO plugin v15.3 - https:\/\/yoast.com\/wordpress\/plugins\/seo\/ -->\n<title>C\u00f3mo funciona - Ibagar, Catering y Eventos<\/title>\n<meta name=\"robots\" content=\"index, follow, max-snippet:-1, max-image-preview:large, max-video-preview:-1\" \/>\n<link rel=\"canonical\" href=\"https:\/\/ibagar.net\/index.php\/como-funciona\/\" \/>\n<meta property=\"og:locale\" content=\"es_ES\" \/>\n<meta property=\"og:type\" content=\"article\" \/>\n<meta property=\"og:title\" content=\"C\u00f3mo funciona - Ibagar, Catering y Eventos\" \/>\n<meta property=\"og:description\" content=\"\u00bfC\u00f3mo funciona? \u00bfC\u00f3mo tengo que hacer mi pedido? Cambiamos la carta cada semana y tienes el mismo tiempo de margen para hacer tu pedido. Puedes confeccionar un men\u00fa completo compuesto de dos platos con 10 opciones en cada uno. \u00bfCu\u00e1ndo recibir\u00e9 mi pedido? \u00bfQu\u00e9 es exactamente lo que voy a recibir? Recibir\u00e1s tu pedido a [&hellip;]\" \/>\n<meta property=\"og:url\" content=\"https:\/\/ibagar.net\/index.php\/como-funciona\/\" \/>\n<meta property=\"og:site_name\" content=\"Ibagar, Catering y Eventos\" \/>\n<meta property=\"article:modified_time\" content=\"2021-01-25T11:56:20+00:00\" \/>\n<meta name=\"twitter:card\" content=\"summary_large_image\" \/>\n<meta name=\"twitter:label1\" content=\"Escrito por\">\n\t<meta name=\"twitter:data1\" content=\"Paula\">\n\t<meta name=\"twitter:label2\" content=\"Tiempo de lectura\">\n\t<meta name=\"twitter:data2\" content=\"1 minuto\">\n<script type=\"application\/ld+json\" class=\"yoast-schema-graph\">{\"@context\":\"https:\/\/schema.org\",\"@graph\":[{\"@type\":\"WebSite\",\"@id\":\"https:\/\/ibagar.net\/#website\",\"url\":\"https:\/\/ibagar.net\/\",\"name\":\"Ibagar, Catering y Eventos\",\"description\":\"Restauraci\\u00f3n de alto nivel, sin\\u00f3nimo de tradici\\u00f3n, innovaci\\u00f3n, arte y prestigio. Estamos tan seguros porque llevamos 35 a\\u00f1os creando d\\u00edas y recuerdos especiales\",\"potentialAction\":[{\"@type\":\"SearchAction\",\"target\":\"https:\/\/ibagar.net\/?s={search_term_string}\",\"query-input\":\"required name=search_term_string\"}],\"inLanguage\":\"es\"},{\"@type\":\"WebPage\",\"@id\":\"https:\/\/ibagar.net\/index.php\/como-funciona\/#webpage\",\"url\":\"https:\/\/ibagar.net\/index.php\/como-funciona\/\",\"name\":\"C\\u00f3mo funciona - Ibagar, Catering y Eventos\",\"isPartOf\":{\"@id\":\"https:\/\/ibagar.net\/#website\"},\"datePublished\":\"2021-01-25T11:56:14+00:00\",\"dateModified\":\"2021-01-25T11:56:20+00:00\",\"inLanguage\":\"es\",\"potentialAction\":[{\"@type\":\"ReadAction\",\"target\":[\"https:\/\/ibagar.net\/index.php\/como-funciona\/\"]}]}]}<\/script>\n<!-- \/ Yoast SEO plugin. -->","_links":{"self":[{"href":"https:\/\/ibagar.net\/index.php\/wp-json\/wp\/v2\/pages\/9223"}],"collection":[{"href":"https:\/\/ibagar.net\/index.php\/wp-json\/wp\/v2\/pages"}],"about":[{"href":"https:\/\/ibagar.net\/index.php\/wp-json\/wp\/v2\/types\/page"}],"author":[{"embeddable":true,"href":"https:\/\/ibagar.net\/index.php\/wp-json\/wp\/v2\/users\/5"}],"replies":[{"embeddable":true,"href":"https:\/\/ibagar.net\/index.php\/wp-json\/wp\/v2\/comments?post=9223"}],"version-history":[{"count":7,"href":"https:\/\/ibagar.net\/index.php\/wp-json\/wp\/v2\/pages\/9223\/revisions"}],"predecessor-version":[{"id":9230,"href":"https:\/\/ibagar.net\/index.php\/wp-json\/wp\/v2\/pages\/9223\/revisions\/9230"}],"wp:attachment":[{"href":"https:\/\/ibagar.net\/index.php\/wp-json\/wp\/v2\/media?parent=9223"}],"curies":[{"name":"wp","href":"https:\/\/api.w.org\/{rel}","templated":true}]}}