{"id":9236,"date":"2021-01-25T12:58:29","date_gmt":"2021-01-25T11:58:29","guid":{"rendered":"http:\/\/ibagar.net\/?page_id=9236"},"modified":"2021-01-25T12:58:55","modified_gmt":"2021-01-25T11:58:55","slug":"pago","status":"publish","type":"page","link":"https:\/\/ibagar.net\/index.php\/pago\/","title":{"rendered":"Pago"},"content":{"rendered":"\t\t<div data-elementor-type=\"wp-page\" data-elementor-id=\"9236\" class=\"elementor elementor-9236\" data-elementor-settings=\"[]\">\n\t\t\t\t\t\t<div class=\"elementor-inner\">\n\t\t\t\t\t\t\t<div class=\"elementor-section-wrap\">\n\t\t\t\t\t\t\t<section class=\"elementor-section elementor-top-section elementor-element elementor-element-cbbeb40 elementor-section-boxed elementor-section-height-default elementor-section-height-default default-style\" data-id=\"cbbeb40\" data-element_type=\"section\" data-settings=\"{&quot;rt_color_sets&quot;:&quot;default-style&quot;}\">\n\t\t\t\t\t\t<div class=\"elementor-container elementor-column-gap-default\">\n\t\t\t\t\t\t\t<div class=\"elementor-row\">\n\t\t\t\t\t<div class=\"elementor-column elementor-col-100 elementor-top-column elementor-element elementor-element-bdf7669\" data-id=\"bdf7669\" data-element_type=\"column\">\n\t\t\t<div class=\"elementor-column-wrap elementor-element-populated\">\n\t\t\t\t\t\t\t<div class=\"elementor-widget-wrap\">\n\t\t\t\t\t\t<div class=\"elementor-element elementor-element-b1ab098 elementor-widget elementor-widget-spacer\" data-id=\"b1ab098\" data-element_type=\"widget\" data-widget_type=\"spacer.default\">\n\t\t\t\t<div class=\"elementor-widget-container\">\n\t\t\t\t\t<div class=\"elementor-spacer\">\n\t\t\t<div class=\"elementor-spacer-inner\"><\/div>\n\t\t<\/div>\n\t\t\t\t<\/div>\n\t\t\t\t<\/div>\n\t\t\t\t\t\t<\/div>\n\t\t\t\t\t<\/div>\n\t\t<\/div>\n\t\t\t\t\t\t\t\t<\/div>\n\t\t\t\t\t<\/div>\n\t\t<\/section>\n\t\t\t\t<section class=\"elementor-section elementor-top-section elementor-element elementor-element-e40b99d elementor-section-boxed elementor-section-height-default elementor-section-height-default default-style\" data-id=\"e40b99d\" data-element_type=\"section\" data-settings=\"{&quot;rt_color_sets&quot;:&quot;default-style&quot;}\">\n\t\t\t\t\t\t<div class=\"elementor-container elementor-column-gap-default\">\n\t\t\t\t\t\t\t<div class=\"elementor-row\">\n\t\t\t\t\t<div class=\"elementor-column elementor-col-100 elementor-top-column elementor-element elementor-element-3e0eb4d\" data-id=\"3e0eb4d\" data-element_type=\"column\">\n\t\t\t<div class=\"elementor-column-wrap elementor-element-populated\">\n\t\t\t\t\t\t\t<div class=\"elementor-widget-wrap\">\n\t\t\t\t\t\t<div class=\"elementor-element elementor-element-9d522a8 elementor-widget elementor-widget-text-editor\" data-id=\"9d522a8\" data-element_type=\"widget\" data-widget_type=\"text-editor.default\">\n\t\t\t\t<div class=\"elementor-widget-container\">\n\t\t\t\t\t<div class=\"elementor-text-editor elementor-clearfix\"><h4><strong>\u00bfC\u00f3mo puedo pagar mi pedido?<\/strong><\/h4><p>Los m\u00e9todos de pagos disponibles son tarjeta bancaria, Paypal, Bizum y contrareembolso.<\/p><h4><strong>\u00bfCu\u00e1ndo recibir\u00e9 mi devoluci\u00f3n?<\/strong><\/h4><p>Desde el momento en que te indiquemos que la devoluci\u00f3n ser\u00e1 efectiva podr\u00e1s ver el reembolso en tu cuenta en un m\u00e1ximo de 7 d\u00edas.<\/p><h4><strong>\u00bfPuedo tener factura de mi pedido?<\/strong><\/h4><\/div>\n\t\t\t\t<\/div>\n\t\t\t\t<\/div>\n\t\t\t\t\t\t<\/div>\n\t\t\t\t\t<\/div>\n\t\t<\/div>\n\t\t\t\t\t\t\t\t<\/div>\n\t\t\t\t\t<\/div>\n\t\t<\/section>\n\t\t\t\t\t\t<\/div>\n\t\t\t\t\t\t<\/div>\n\t\t\t\t\t<\/div>\n\t\t","protected":false},"excerpt":{"rendered":"<p>\u00bfC\u00f3mo puedo pagar mi pedido? Los m\u00e9todos de pagos disponibles son tarjeta bancaria, Paypal, Bizum y contrareembolso. \u00bfCu\u00e1ndo recibir\u00e9 mi devoluci\u00f3n? Desde el momento en que te indiquemos que la devoluci\u00f3n ser\u00e1 efectiva podr\u00e1s ver el reembolso en tu cuenta en un m\u00e1ximo de 7 d\u00edas. \u00bfPuedo tener factura de mi pedido?<\/p>\n","protected":false},"author":5,"featured_media":0,"parent":0,"menu_order":0,"comment_status":"closed","ping_status":"closed","template":"","meta":[],"yoast_head":"<!-- This site is optimized with the Yoast SEO plugin v15.3 - https:\/\/yoast.com\/wordpress\/plugins\/seo\/ -->\n<title>Pago - Ibagar, Catering y Eventos<\/title>\n<meta name=\"robots\" content=\"index, follow, max-snippet:-1, max-image-preview:large, max-video-preview:-1\" \/>\n<link rel=\"canonical\" href=\"https:\/\/ibagar.net\/index.php\/pago\/\" \/>\n<meta property=\"og:locale\" content=\"es_ES\" \/>\n<meta property=\"og:type\" content=\"article\" \/>\n<meta property=\"og:title\" content=\"Pago - Ibagar, Catering y Eventos\" \/>\n<meta property=\"og:description\" content=\"\u00bfC\u00f3mo puedo pagar mi pedido? Los m\u00e9todos de pagos disponibles son tarjeta bancaria, Paypal, Bizum y contrareembolso. \u00bfCu\u00e1ndo recibir\u00e9 mi devoluci\u00f3n? Desde el momento en que te indiquemos que la devoluci\u00f3n ser\u00e1 efectiva podr\u00e1s ver el reembolso en tu cuenta en un m\u00e1ximo de 7 d\u00edas. \u00bfPuedo tener factura de mi pedido?\" \/>\n<meta property=\"og:url\" content=\"https:\/\/ibagar.net\/index.php\/pago\/\" \/>\n<meta property=\"og:site_name\" content=\"Ibagar, Catering y Eventos\" \/>\n<meta property=\"article:modified_time\" content=\"2021-01-25T11:58:55+00:00\" \/>\n<meta name=\"twitter:card\" content=\"summary_large_image\" \/>\n<meta name=\"twitter:label1\" content=\"Escrito por\">\n\t<meta name=\"twitter:data1\" content=\"Paula\">\n\t<meta name=\"twitter:label2\" content=\"Tiempo de lectura\">\n\t<meta name=\"twitter:data2\" content=\"0 minutos\">\n<script type=\"application\/ld+json\" class=\"yoast-schema-graph\">{\"@context\":\"https:\/\/schema.org\",\"@graph\":[{\"@type\":\"WebSite\",\"@id\":\"https:\/\/ibagar.net\/#website\",\"url\":\"https:\/\/ibagar.net\/\",\"name\":\"Ibagar, Catering y Eventos\",\"description\":\"Restauraci\\u00f3n de alto nivel, sin\\u00f3nimo de tradici\\u00f3n, innovaci\\u00f3n, arte y prestigio. Estamos tan seguros porque llevamos 35 a\\u00f1os creando d\\u00edas y recuerdos especiales\",\"potentialAction\":[{\"@type\":\"SearchAction\",\"target\":\"https:\/\/ibagar.net\/?s={search_term_string}\",\"query-input\":\"required name=search_term_string\"}],\"inLanguage\":\"es\"},{\"@type\":\"WebPage\",\"@id\":\"https:\/\/ibagar.net\/index.php\/pago\/#webpage\",\"url\":\"https:\/\/ibagar.net\/index.php\/pago\/\",\"name\":\"Pago - Ibagar, Catering y Eventos\",\"isPartOf\":{\"@id\":\"https:\/\/ibagar.net\/#website\"},\"datePublished\":\"2021-01-25T11:58:29+00:00\",\"dateModified\":\"2021-01-25T11:58:55+00:00\",\"inLanguage\":\"es\",\"potentialAction\":[{\"@type\":\"ReadAction\",\"target\":[\"https:\/\/ibagar.net\/index.php\/pago\/\"]}]}]}<\/script>\n<!-- \/ Yoast SEO plugin. -->","_links":{"self":[{"href":"https:\/\/ibagar.net\/index.php\/wp-json\/wp\/v2\/pages\/9236"}],"collection":[{"href":"https:\/\/ibagar.net\/index.php\/wp-json\/wp\/v2\/pages"}],"about":[{"href":"https:\/\/ibagar.net\/index.php\/wp-json\/wp\/v2\/types\/page"}],"author":[{"embeddable":true,"href":"https:\/\/ibagar.net\/index.php\/wp-json\/wp\/v2\/users\/5"}],"replies":[{"embeddable":true,"href":"https:\/\/ibagar.net\/index.php\/wp-json\/wp\/v2\/comments?post=9236"}],"version-history":[{"count":4,"href":"https:\/\/ibagar.net\/index.php\/wp-json\/wp\/v2\/pages\/9236\/revisions"}],"predecessor-version":[{"id":9240,"href":"https:\/\/ibagar.net\/index.php\/wp-json\/wp\/v2\/pages\/9236\/revisions\/9240"}],"wp:attachment":[{"href":"https:\/\/ibagar.net\/index.php\/wp-json\/wp\/v2\/media?parent=9236"}],"curies":[{"name":"wp","href":"https:\/\/api.w.org\/{rel}","templated":true}]}}