{"id":9241,"date":"2021-01-25T12:59:32","date_gmt":"2021-01-25T11:59:32","guid":{"rendered":"http:\/\/ibagar.net\/?page_id=9241"},"modified":"2021-01-25T12:59:51","modified_gmt":"2021-01-25T11:59:51","slug":"pedidos-envios","status":"publish","type":"page","link":"https:\/\/ibagar.net\/index.php\/pedidos-envios\/","title":{"rendered":"Pedidos\/Env\u00edos"},"content":{"rendered":"\t\t<div data-elementor-type=\"wp-page\" data-elementor-id=\"9241\" class=\"elementor elementor-9241\" data-elementor-settings=\"[]\">\n\t\t\t\t\t\t<div class=\"elementor-inner\">\n\t\t\t\t\t\t\t<div class=\"elementor-section-wrap\">\n\t\t\t\t\t\t\t<section class=\"elementor-section elementor-top-section elementor-element elementor-element-cbbeb40 elementor-section-boxed elementor-section-height-default elementor-section-height-default default-style\" data-id=\"cbbeb40\" data-element_type=\"section\" data-settings=\"{&quot;rt_color_sets&quot;:&quot;default-style&quot;}\">\n\t\t\t\t\t\t<div class=\"elementor-container elementor-column-gap-default\">\n\t\t\t\t\t\t\t<div class=\"elementor-row\">\n\t\t\t\t\t<div class=\"elementor-column elementor-col-100 elementor-top-column elementor-element elementor-element-bdf7669\" data-id=\"bdf7669\" data-element_type=\"column\">\n\t\t\t<div class=\"elementor-column-wrap elementor-element-populated\">\n\t\t\t\t\t\t\t<div class=\"elementor-widget-wrap\">\n\t\t\t\t\t\t<div class=\"elementor-element elementor-element-b1ab098 elementor-widget elementor-widget-spacer\" data-id=\"b1ab098\" data-element_type=\"widget\" data-widget_type=\"spacer.default\">\n\t\t\t\t<div class=\"elementor-widget-container\">\n\t\t\t\t\t<div class=\"elementor-spacer\">\n\t\t\t<div class=\"elementor-spacer-inner\"><\/div>\n\t\t<\/div>\n\t\t\t\t<\/div>\n\t\t\t\t<\/div>\n\t\t\t\t\t\t<\/div>\n\t\t\t\t\t<\/div>\n\t\t<\/div>\n\t\t\t\t\t\t\t\t<\/div>\n\t\t\t\t\t<\/div>\n\t\t<\/section>\n\t\t\t\t<section class=\"elementor-section elementor-top-section elementor-element elementor-element-e40b99d elementor-section-boxed elementor-section-height-default elementor-section-height-default default-style\" data-id=\"e40b99d\" data-element_type=\"section\" data-settings=\"{&quot;rt_color_sets&quot;:&quot;default-style&quot;}\">\n\t\t\t\t\t\t<div class=\"elementor-container elementor-column-gap-default\">\n\t\t\t\t\t\t\t<div class=\"elementor-row\">\n\t\t\t\t\t<div class=\"elementor-column elementor-col-100 elementor-top-column elementor-element elementor-element-3e0eb4d\" data-id=\"3e0eb4d\" data-element_type=\"column\">\n\t\t\t<div class=\"elementor-column-wrap elementor-element-populated\">\n\t\t\t\t\t\t\t<div class=\"elementor-widget-wrap\">\n\t\t\t\t\t\t<div class=\"elementor-element elementor-element-9d522a8 elementor-widget elementor-widget-text-editor\" data-id=\"9d522a8\" data-element_type=\"widget\" data-widget_type=\"text-editor.default\">\n\t\t\t\t<div class=\"elementor-widget-container\">\n\t\t\t\t\t<div class=\"elementor-text-editor elementor-clearfix\"><h4><strong>\u00bfCu\u00e1ndo recibir\u00e9 mi pedido? \u00bfQu\u00e9 opciones de entrega tengo?<\/strong><\/h4><p>Recibir\u00e1s tu pedido 7 d\u00edas despu\u00e9s de hacer tu compra.<\/p><h4><strong>\u00bfPuedo recoger mi pedido en alg\u00fan punto?<\/strong><\/h4><p>Estamos barajando la posibilidad de que puedas recoger tu pedido en nuestras cocinas, en Churriana de la Vega, Granada.<\/p><h4><strong>\u00bfQu\u00e9 pasa si mis platos llegan en mal estado?<\/strong><\/h4><p>Si tus platos llegan en mal estado no dudes en ponerte en contacto con nosotros y buscaremos una soluci\u00f3n.<\/p><p>Puedes hacerlo llamando al 958 522 080 o escribi\u00e9ndonos a <a href=\"mailto:info@ibagar.com\">info@ibagar.com<\/a>. Estamos a tu disposici\u00f3n de lunes a viernes de 9:00 a 14:00 y de 16:00 a 19:00.<\/p><h4><strong>\u00bfPuedo cambiar mis datos de entrega (direcci\u00f3n, d\u00eda o franja horaria)?<\/strong><\/h4><h4><strong>\u00bfD\u00f3nde hac\u00e9is entregas?<\/strong><\/h4><p>Actualmente, por nuestro sistema log\u00edstico, s\u00f3lo realizamos entregas en Granada y \u00e1rea metropolitana.<\/p><p>Pero estamos trabajando duro para poder llegar a todo el territorio nacional.<\/p><h4><strong>\u00bfQu\u00e9 hago si no he estado en casa para recibir el pedido?<\/strong><\/h4><p>No te preocupes, contacta con nosotros y volveremos a gestionar la entrega.<\/p><p>Puedes hacerlo llamando al 958 522 080 o escribi\u00e9ndonos a <a href=\"mailto:info@ibagar.com\">info@ibagar.com<\/a>. Estamos a tu disposici\u00f3n de lunes a viernes de 9:00 a 14:00 y de 16:00 a 19:00.<\/p><h4><strong>\u00bfC\u00f3mo puedo saber que mis platos est\u00e1n en camino?<\/strong><\/h4><p>Si quieres conocer el estado de tu pedido ponte en contacto con nosotros llamando al 958 522 080 o escribi\u00e9ndonos a <a href=\"mailto:info@ibagar.com\">info@ibagar.com<\/a>. Estamos a tu disposici\u00f3n de lunes a viernes de 9:00 a 14:00 y de 16:00 a 19:00.<\/p><h4><strong>\u00bfQu\u00e9 pasa si tengo alg\u00fan problema con el env\u00edo?<\/strong><\/h4><p>Si has tenido alg\u00fan problema no dudes en ponerte en contacto con nosotros.<\/p><p>Puedes hacerlo llamando al 958 522 080 o escribi\u00e9ndonos a <a href=\"mailto:info@ibagar.com\">info@ibagar.com<\/a>. Estamos a tu disposici\u00f3n de lunes a viernes de 9:00 a 14:00 y de 16:00 a 19:00.<\/p><h4><strong>\u00bfQu\u00e9 hago si mis platos no han llegado con la calidad esperada?<\/strong><\/h4><p>Esto es algo que tenemos muy en cuenta, si ocurriera debes ponerte en contacto con nosotros e informarnos. Tu opini\u00f3n es lo primero.<\/p><p>Puedes hacerlo llamando al 958 522 080 o escribi\u00e9ndonos a <a href=\"mailto:info@ibagar.com\">info@ibagar.com<\/a>. Estamos a tu disposici\u00f3n de lunes a viernes de 9:00 a 14:00 y de 16:00 a 19:00.<\/p><h4><strong>\u00bfPuedo cancelar mi pedido?<\/strong><\/h4><p>Podremos cancelar tu pedido siempre que no se haya elaborado. Por ello es importante que nos avises con suficiente antelaci\u00f3n.<\/p><p>Puedes hacerlo llamando al 958 522 080 o escribi\u00e9ndonos a <a href=\"mailto:info@ibagar.com\">info@ibagar.com<\/a>. Estamos a tu disposici\u00f3n de lunes a viernes de 9:00 a 14:00 y de 16:00 a 19:00.<\/p><\/div>\n\t\t\t\t<\/div>\n\t\t\t\t<\/div>\n\t\t\t\t\t\t<\/div>\n\t\t\t\t\t<\/div>\n\t\t<\/div>\n\t\t\t\t\t\t\t\t<\/div>\n\t\t\t\t\t<\/div>\n\t\t<\/section>\n\t\t\t\t\t\t<\/div>\n\t\t\t\t\t\t<\/div>\n\t\t\t\t\t<\/div>\n\t\t","protected":false},"excerpt":{"rendered":"<p>\u00bfCu\u00e1ndo recibir\u00e9 mi pedido? \u00bfQu\u00e9 opciones de entrega tengo? Recibir\u00e1s tu pedido 7 d\u00edas despu\u00e9s de hacer tu compra. \u00bfPuedo recoger mi pedido en alg\u00fan punto? Estamos barajando la posibilidad de que puedas recoger tu pedido en nuestras cocinas, en Churriana de la Vega, Granada. \u00bfQu\u00e9 pasa si mis platos llegan en mal estado? Si [&hellip;]<\/p>\n","protected":false},"author":5,"featured_media":0,"parent":0,"menu_order":0,"comment_status":"closed","ping_status":"closed","template":"","meta":[],"yoast_head":"<!-- This site is optimized with the Yoast SEO plugin v15.3 - https:\/\/yoast.com\/wordpress\/plugins\/seo\/ -->\n<title>Pedidos\/Env\u00edos - Ibagar, Catering y Eventos<\/title>\n<meta name=\"robots\" content=\"index, follow, max-snippet:-1, max-image-preview:large, max-video-preview:-1\" \/>\n<link rel=\"canonical\" href=\"https:\/\/ibagar.net\/index.php\/pedidos-envios\/\" \/>\n<meta property=\"og:locale\" content=\"es_ES\" \/>\n<meta property=\"og:type\" content=\"article\" \/>\n<meta property=\"og:title\" content=\"Pedidos\/Env\u00edos - Ibagar, Catering y Eventos\" \/>\n<meta property=\"og:description\" content=\"\u00bfCu\u00e1ndo recibir\u00e9 mi pedido? \u00bfQu\u00e9 opciones de entrega tengo? Recibir\u00e1s tu pedido 7 d\u00edas despu\u00e9s de hacer tu compra. \u00bfPuedo recoger mi pedido en alg\u00fan punto? Estamos barajando la posibilidad de que puedas recoger tu pedido en nuestras cocinas, en Churriana de la Vega, Granada. \u00bfQu\u00e9 pasa si mis platos llegan en mal estado? Si [&hellip;]\" \/>\n<meta property=\"og:url\" content=\"https:\/\/ibagar.net\/index.php\/pedidos-envios\/\" \/>\n<meta property=\"og:site_name\" content=\"Ibagar, Catering y Eventos\" \/>\n<meta property=\"article:modified_time\" content=\"2021-01-25T11:59:51+00:00\" \/>\n<meta name=\"twitter:card\" content=\"summary_large_image\" \/>\n<meta name=\"twitter:label1\" content=\"Escrito por\">\n\t<meta name=\"twitter:data1\" content=\"Paula\">\n\t<meta name=\"twitter:label2\" content=\"Tiempo de lectura\">\n\t<meta name=\"twitter:data2\" content=\"2 minutos\">\n<script type=\"application\/ld+json\" class=\"yoast-schema-graph\">{\"@context\":\"https:\/\/schema.org\",\"@graph\":[{\"@type\":\"WebSite\",\"@id\":\"https:\/\/ibagar.net\/#website\",\"url\":\"https:\/\/ibagar.net\/\",\"name\":\"Ibagar, Catering y Eventos\",\"description\":\"Restauraci\\u00f3n de alto nivel, sin\\u00f3nimo de tradici\\u00f3n, innovaci\\u00f3n, arte y prestigio. Estamos tan seguros porque llevamos 35 a\\u00f1os creando d\\u00edas y recuerdos especiales\",\"potentialAction\":[{\"@type\":\"SearchAction\",\"target\":\"https:\/\/ibagar.net\/?s={search_term_string}\",\"query-input\":\"required name=search_term_string\"}],\"inLanguage\":\"es\"},{\"@type\":\"WebPage\",\"@id\":\"https:\/\/ibagar.net\/index.php\/pedidos-envios\/#webpage\",\"url\":\"https:\/\/ibagar.net\/index.php\/pedidos-envios\/\",\"name\":\"Pedidos\/Env\\u00edos - Ibagar, Catering y Eventos\",\"isPartOf\":{\"@id\":\"https:\/\/ibagar.net\/#website\"},\"datePublished\":\"2021-01-25T11:59:32+00:00\",\"dateModified\":\"2021-01-25T11:59:51+00:00\",\"inLanguage\":\"es\",\"potentialAction\":[{\"@type\":\"ReadAction\",\"target\":[\"https:\/\/ibagar.net\/index.php\/pedidos-envios\/\"]}]}]}<\/script>\n<!-- \/ Yoast SEO plugin. -->","_links":{"self":[{"href":"https:\/\/ibagar.net\/index.php\/wp-json\/wp\/v2\/pages\/9241"}],"collection":[{"href":"https:\/\/ibagar.net\/index.php\/wp-json\/wp\/v2\/pages"}],"about":[{"href":"https:\/\/ibagar.net\/index.php\/wp-json\/wp\/v2\/types\/page"}],"author":[{"embeddable":true,"href":"https:\/\/ibagar.net\/index.php\/wp-json\/wp\/v2\/users\/5"}],"replies":[{"embeddable":true,"href":"https:\/\/ibagar.net\/index.php\/wp-json\/wp\/v2\/comments?post=9241"}],"version-history":[{"count":4,"href":"https:\/\/ibagar.net\/index.php\/wp-json\/wp\/v2\/pages\/9241\/revisions"}],"predecessor-version":[{"id":9245,"href":"https:\/\/ibagar.net\/index.php\/wp-json\/wp\/v2\/pages\/9241\/revisions\/9245"}],"wp:attachment":[{"href":"https:\/\/ibagar.net\/index.php\/wp-json\/wp\/v2\/media?parent=9241"}],"curies":[{"name":"wp","href":"https:\/\/api.w.org\/{rel}","templated":true}]}}